{"id":409,"date":"2021-05-10T15:00:31","date_gmt":"2021-05-10T15:00:31","guid":{"rendered":"http:\/\/priory.com.br\/drlucas\/?page_id=409"},"modified":"2021-06-16T15:54:07","modified_gmt":"2021-06-16T15:54:07","slug":"agende-sua-avaliacao","status":"publish","type":"page","link":"http:\/\/priory.com.br\/drlucas\/agende-sua-avaliacao\/","title":{"rendered":"Agende sua avalia\u00e7\u00e3o"},"content":{"rendered":"\t\t<div data-elementor-type=\"wp-page\" data-elementor-id=\"409\" class=\"elementor elementor-409\" data-elementor-post-type=\"page\">\n\t\t\t\t\t\t<section class=\"elementor-section elementor-top-section elementor-element elementor-element-a80362e elementor-section-boxed elementor-section-height-default elementor-section-height-default\" data-id=\"a80362e\" data-element_type=\"section\" data-e-type=\"section\" data-settings=\"{&quot;background_background&quot;:&quot;classic&quot;}\">\n\t\t\t\t\t\t<div class=\"elementor-container elementor-column-gap-default\">\n\t\t\t\t\t<div class=\"elementor-column elementor-col-100 elementor-top-column elementor-element elementor-element-2cb969c\" data-id=\"2cb969c\" data-element_type=\"column\" data-e-type=\"column\">\n\t\t\t<div class=\"elementor-widget-wrap elementor-element-populated\">\n\t\t\t\t\t\t<div class=\"elementor-element elementor-element-473fb84 elementor-widget elementor-widget-heading\" data-id=\"473fb84\" data-element_type=\"widget\" data-e-type=\"widget\" data-widget_type=\"heading.default\">\n\t\t\t\t<div class=\"elementor-widget-container\">\n\t\t\t\t\t<h2 class=\"elementor-heading-title elementor-size-default\">AGENDE SUA AVALIA\u00c7\u00c3O<\/h2>\t\t\t\t<\/div>\n\t\t\t\t<\/div>\n\t\t\t\t<div class=\"elementor-element elementor-element-70bf68f elementor-widget-divider--view-line elementor-widget elementor-widget-divider\" data-id=\"70bf68f\" data-element_type=\"widget\" data-e-type=\"widget\" data-widget_type=\"divider.default\">\n\t\t\t\t<div class=\"elementor-widget-container\">\n\t\t\t\t\t\t\t<div class=\"elementor-divider\">\n\t\t\t<span class=\"elementor-divider-separator\">\n\t\t\t\t\t\t<\/span>\n\t\t<\/div>\n\t\t\t\t\t\t<\/div>\n\t\t\t\t<\/div>\n\t\t\t\t<div class=\"elementor-element elementor-element-fd3c4b9 elementor-button-align-center elementor-widget elementor-widget-form\" data-id=\"fd3c4b9\" data-element_type=\"widget\" data-e-type=\"widget\" data-settings=\"{&quot;step_type&quot;:&quot;text&quot;,&quot;button_width&quot;:&quot;100&quot;}\" data-widget_type=\"form.default\">\n\t\t\t\t<div class=\"elementor-widget-container\">\n\t\t\t\t\t\t\t<form class=\"elementor-form\" method=\"post\" name=\"New Form\">\n\t\t\t<input type=\"hidden\" name=\"post_id\" value=\"409\"\/>\n\t\t\t<input type=\"hidden\" name=\"form_id\" value=\"fd3c4b9\"\/>\n\t\t\t<input type=\"hidden\" name=\"referer_title\" value=\"Agende sua avalia\u00e7\u00e3o - Dr Lucas Favero\" \/>\n\n\t\t\t\t\t\t\t<input type=\"hidden\" name=\"queried_id\" value=\"409\"\/>\n\t\t\t\n\t\t\t<div class=\"elementor-form-fields-wrapper elementor-labels-above\">\n\t\t\t\t\t\t\t\t<div class=\"elementor-field-type-text elementor-field-group elementor-column elementor-field-group-name elementor-col-50 elementor-field-required elementor-mark-required\">\n\t\t\t\t\t\t\t\t\t\t\t\t<label for=\"form-field-name\" class=\"elementor-field-label\">\n\t\t\t\t\t\t\t\t> Nome\t\t\t\t\t\t\t<\/label>\n\t\t\t\t\t\t\t\t\t\t\t\t\t\t<input size=\"1\" type=\"text\" name=\"form_fields[name]\" id=\"form-field-name\" class=\"elementor-field elementor-size-sm  elementor-field-textual\" placeholder=\"Nome\" required=\"required\" aria-required=\"true\">\n\t\t\t\t\t\t\t\t\t\t\t<\/div>\n\t\t\t\t\t\t\t\t<div class=\"elementor-field-type-email elementor-field-group elementor-column elementor-field-group-email elementor-col-50 elementor-field-required elementor-mark-required\">\n\t\t\t\t\t\t\t\t\t\t\t\t<label for=\"form-field-email\" class=\"elementor-field-label\">\n\t\t\t\t\t\t\t\t> E-mail\t\t\t\t\t\t\t<\/label>\n\t\t\t\t\t\t\t\t\t\t\t\t\t\t<input size=\"1\" type=\"email\" name=\"form_fields[email]\" id=\"form-field-email\" class=\"elementor-field elementor-size-sm  elementor-field-textual\" placeholder=\"E-mail\" required=\"required\" aria-required=\"true\">\n\t\t\t\t\t\t\t\t\t\t\t<\/div>\n\t\t\t\t\t\t\t\t<div class=\"elementor-field-type-text elementor-field-group elementor-column elementor-field-group-field_ab8bd70 elementor-col-50 elementor-field-required elementor-mark-required\">\n\t\t\t\t\t\t\t\t\t\t\t\t<label for=\"form-field-field_ab8bd70\" class=\"elementor-field-label\">\n\t\t\t\t\t\t\t\t> Cidade onde reside\t\t\t\t\t\t\t<\/label>\n\t\t\t\t\t\t\t\t\t\t\t\t\t\t<input size=\"1\" type=\"text\" name=\"form_fields[field_ab8bd70]\" id=\"form-field-field_ab8bd70\" class=\"elementor-field elementor-size-sm  elementor-field-textual\" placeholder=\"Cidade onde reside\" required=\"required\" aria-required=\"true\">\n\t\t\t\t\t\t\t\t\t\t\t<\/div>\n\t\t\t\t\t\t\t\t<div class=\"elementor-field-type-tel elementor-field-group elementor-column elementor-field-group-field_794662e elementor-col-50 elementor-field-required elementor-mark-required\">\n\t\t\t\t\t\t\t\t\t\t\t\t<label for=\"form-field-field_794662e\" class=\"elementor-field-label\">\n\t\t\t\t\t\t\t\t> Telefone\t\t\t\t\t\t\t<\/label>\n\t\t\t\t\t\t\t\t<input size=\"1\" type=\"tel\" name=\"form_fields[field_794662e]\" id=\"form-field-field_794662e\" class=\"elementor-field elementor-size-sm  elementor-field-textual\" placeholder=\"Telefone\" required=\"required\" aria-required=\"true\" pattern=\"[0-9()#&amp;+*-=.]+\" title=\"Only numbers and phone characters (#, -, *, etc) are accepted.\">\n\n\t\t\t\t\t\t<\/div>\n\t\t\t\t\t\t\t\t<div class=\"elementor-field-type-radio elementor-field-group elementor-column elementor-field-group-field_31c41f0 elementor-col-100\">\n\t\t\t\t\t\t\t\t\t\t\t\t<label for=\"form-field-field_31c41f0\" class=\"elementor-field-label\">\n\t\t\t\t\t\t\t\t> Como conheceu a cl\u00ednica Dr Lucas Favero?\t\t\t\t\t\t\t<\/label>\n\t\t\t\t\t\t<div class=\"elementor-field-subgroup  elementor-subgroup-inline\"><span class=\"elementor-field-option\"><input type=\"radio\" value=\"Redes Sociais\" id=\"form-field-field_31c41f0-0\" name=\"form_fields[field_31c41f0]\"> <label for=\"form-field-field_31c41f0-0\">Redes Sociais<\/label><\/span><span class=\"elementor-field-option\"><input type=\"radio\" value=\"Indica\u00e7\u00e3o\" id=\"form-field-field_31c41f0-1\" name=\"form_fields[field_31c41f0]\"> <label for=\"form-field-field_31c41f0-1\">Indica\u00e7\u00e3o<\/label><\/span><span class=\"elementor-field-option\"><input type=\"radio\" value=\"J\u00e1 sou cliente\" id=\"form-field-field_31c41f0-2\" name=\"form_fields[field_31c41f0]\"> <label for=\"form-field-field_31c41f0-2\">J\u00e1 sou cliente<\/label><\/span><span class=\"elementor-field-option\"><input type=\"radio\" value=\"Outros\" id=\"form-field-field_31c41f0-3\" name=\"form_fields[field_31c41f0]\"> <label for=\"form-field-field_31c41f0-3\">Outros<\/label><\/span><span class=\"elementor-field-option\"><input type=\"radio\" value=\"\" id=\"form-field-field_31c41f0-4\" name=\"form_fields[field_31c41f0]\"> <label for=\"form-field-field_31c41f0-4\"><\/label><\/span><\/div>\t\t\t\t<\/div>\n\t\t\t\t\t\t\t\t<div class=\"elementor-field-type-radio elementor-field-group elementor-column elementor-field-group-field_3d7f3d8 elementor-col-40\">\n\t\t\t\t\t\t\t\t\t\t\t\t<label for=\"form-field-field_3d7f3d8\" class=\"elementor-field-label\">\n\t\t\t\t\t\t\t\t> Procedimentos que deseja realizar:\t\t\t\t\t\t\t<\/label>\n\t\t\t\t\t\t<div class=\"elementor-field-subgroup  \"><span class=\"elementor-field-option\"><input type=\"radio\" value=\"Botox\" id=\"form-field-field_3d7f3d8-0\" name=\"form_fields[field_3d7f3d8]\"> <label for=\"form-field-field_3d7f3d8-0\">Botox<\/label><\/span><span class=\"elementor-field-option\"><input type=\"radio\" value=\"Botox hiperhidrose (suor excessivo)\" id=\"form-field-field_3d7f3d8-1\" name=\"form_fields[field_3d7f3d8]\"> <label for=\"form-field-field_3d7f3d8-1\">Botox hiperhidrose (suor excessivo)<\/label><\/span><span class=\"elementor-field-option\"><input type=\"radio\" value=\"Preenchimento facial (\u00e1cido hialur\u00f4nico)\" id=\"form-field-field_3d7f3d8-2\" name=\"form_fields[field_3d7f3d8]\"> <label for=\"form-field-field_3d7f3d8-2\">Preenchimento facial (\u00e1cido hialur\u00f4nico)<\/label><\/span><span class=\"elementor-field-option\"><input type=\"radio\" value=\"Preenchimento de olheiras\" id=\"form-field-field_3d7f3d8-3\" name=\"form_fields[field_3d7f3d8]\"> <label for=\"form-field-field_3d7f3d8-3\">Preenchimento de olheiras<\/label><\/span><span class=\"elementor-field-option\"><input type=\"radio\" value=\"Preenchimento (remodela\u00e7\u00e3o malar top model look)\" id=\"form-field-field_3d7f3d8-4\" name=\"form_fields[field_3d7f3d8]\"> <label for=\"form-field-field_3d7f3d8-4\">Preenchimento (remodela\u00e7\u00e3o malar top model look)<\/label><\/span><span class=\"elementor-field-option\"><input type=\"radio\" value=\"Rinomodela\u00e7\u00e3o\" id=\"form-field-field_3d7f3d8-5\" name=\"form_fields[field_3d7f3d8]\"> <label for=\"form-field-field_3d7f3d8-5\">Rinomodela\u00e7\u00e3o<\/label><\/span><span class=\"elementor-field-option\"><input type=\"radio\" value=\"Preenchimento naso labial (bigode chines)\" id=\"form-field-field_3d7f3d8-6\" name=\"form_fields[field_3d7f3d8]\"> <label for=\"form-field-field_3d7f3d8-6\">Preenchimento naso labial (bigode chines)<\/label><\/span><\/div>\t\t\t\t<\/div>\n\t\t\t\t\t\t\t\t<div class=\"elementor-field-type-radio elementor-field-group elementor-column elementor-field-group-field_b36d259 elementor-col-25\">\n\t\t\t\t\t<div class=\"elementor-field-subgroup  \"><span class=\"elementor-field-option\"><input type=\"radio\" value=\"Preenchimento labial\" id=\"form-field-field_b36d259-0\" name=\"form_fields[field_b36d259]\"> <label for=\"form-field-field_b36d259-0\">Preenchimento labial<\/label><\/span><span class=\"elementor-field-option\"><input type=\"radio\" value=\"Preenchimento marionete\" id=\"form-field-field_b36d259-1\" name=\"form_fields[field_b36d259]\"> <label for=\"form-field-field_b36d259-1\">Preenchimento marionete<\/label><\/span><span class=\"elementor-field-option\"><input type=\"radio\" value=\"Preenchimento mento\" id=\"form-field-field_b36d259-2\" name=\"form_fields[field_b36d259]\"> <label for=\"form-field-field_b36d259-2\">Preenchimento mento<\/label><\/span><span class=\"elementor-field-option\"><input type=\"radio\" value=\"Preenchimento mandibular \" id=\"form-field-field_b36d259-3\" name=\"form_fields[field_b36d259]\"> <label for=\"form-field-field_b36d259-3\">Preenchimento mandibular <\/label><\/span><span class=\"elementor-field-option\"><input type=\"radio\" value=\"Bioestimuladores de col\u00e1geno\" id=\"form-field-field_b36d259-4\" name=\"form_fields[field_b36d259]\"> <label for=\"form-field-field_b36d259-4\">Bioestimuladores de col\u00e1geno<\/label><\/span><span class=\"elementor-field-option\"><input type=\"radio\" value=\"Fios de sustenta\u00e7\u00e3o facial\" id=\"form-field-field_b36d259-5\" name=\"form_fields[field_b36d259]\"> <label for=\"form-field-field_b36d259-5\">Fios de sustenta\u00e7\u00e3o facial<\/label><\/span><span class=\"elementor-field-option\"><input type=\"radio\" value=\"Fios de PDO lisos\" id=\"form-field-field_b36d259-6\" name=\"form_fields[field_b36d259]\"> <label for=\"form-field-field_b36d259-6\">Fios de PDO lisos<\/label><\/span><\/div>\t\t\t\t<\/div>\n\t\t\t\t\t\t\t\t<div class=\"elementor-field-type-radio elementor-field-group elementor-column elementor-field-group-field_a031225 elementor-col-25\">\n\t\t\t\t\t<div class=\"elementor-field-subgroup  \"><span class=\"elementor-field-option\"><input type=\"radio\" value=\"Intradermoterapia\" id=\"form-field-field_a031225-0\" name=\"form_fields[field_a031225]\"> <label for=\"form-field-field_a031225-0\">Intradermoterapia<\/label><\/span><span class=\"elementor-field-option\"><input type=\"radio\" value=\"MDcodes\" id=\"form-field-field_a031225-1\" name=\"form_fields[field_a031225]\"> <label for=\"form-field-field_a031225-1\">MDcodes<\/label><\/span><span class=\"elementor-field-option\"><input type=\"radio\" value=\"Skinbooster\" id=\"form-field-field_a031225-2\" name=\"form_fields[field_a031225]\"> <label for=\"form-field-field_a031225-2\">Skinbooster<\/label><\/span><span class=\"elementor-field-option\"><input type=\"radio\" value=\"Limpeza de pele\" id=\"form-field-field_a031225-3\" name=\"form_fields[field_a031225]\"> <label for=\"form-field-field_a031225-3\">Limpeza de pele<\/label><\/span><span class=\"elementor-field-option\"><input type=\"radio\" value=\"Peeling de diamante\" id=\"form-field-field_a031225-4\" name=\"form_fields[field_a031225]\"> <label for=\"form-field-field_a031225-4\">Peeling de diamante<\/label><\/span><span class=\"elementor-field-option\"><input type=\"radio\" value=\"Microagulhamento\" id=\"form-field-field_a031225-5\" name=\"form_fields[field_a031225]\"> <label for=\"form-field-field_a031225-5\">Microagulhamento<\/label><\/span><span class=\"elementor-field-option\"><input type=\"radio\" value=\"Radiofrequ\u00eancia\" id=\"form-field-field_a031225-6\" name=\"form_fields[field_a031225]\"> <label for=\"form-field-field_a031225-6\">Radiofrequ\u00eancia<\/label><\/span><\/div>\t\t\t\t<\/div>\n\t\t\t\t\t\t\t\t<div class=\"elementor-field-type-textarea elementor-field-group elementor-column elementor-field-group-message elementor-col-100\">\n\t\t\t\t\t\t\t\t\t\t\t\t<label for=\"form-field-message\" class=\"elementor-field-label\">\n\t\t\t\t\t\t\t\t> Nos conte um pouco mais sobre voc\u00ea, quais aspectos lhe incomoda e gostaria de melhorar\t\t\t\t\t\t\t<\/label>\n\t\t\t\t\t\t<textarea class=\"elementor-field-textual elementor-field  elementor-size-sm\" name=\"form_fields[message]\" id=\"form-field-message\" rows=\"4\"><\/textarea>\t\t\t\t<\/div>\n\t\t\t\t\t\t\t\t<div class=\"elementor-field-group elementor-column elementor-field-type-submit elementor-col-100 e-form__buttons\">\n\t\t\t\t\t<button class=\"elementor-button elementor-size-md\" type=\"submit\">\n\t\t\t\t\t\t<span class=\"elementor-button-content-wrapper\">\n\t\t\t\t\t\t\t\t\t\t\t\t\t\t\t\t\t\t\t\t\t\t<span class=\"elementor-button-text\">ENVIAR<\/span>\n\t\t\t\t\t\t\t\t\t\t\t\t\t<\/span>\n\t\t\t\t\t<\/button>\n\t\t\t\t<\/div>\n\t\t\t<\/div>\n\t\t<\/form>\n\t\t\t\t\t\t<\/div>\n\t\t\t\t<\/div>\n\t\t\t\t\t<\/div>\n\t\t<\/div>\n\t\t\t\t\t<\/div>\n\t\t<\/section>\n\t\t\t\t<\/div>\n\t\t","protected":false},"excerpt":{"rendered":"<p>AGENDE SUA AVALIA\u00c7\u00c3O<\/p>\n","protected":false},"author":1,"featured_media":0,"parent":0,"menu_order":0,"comment_status":"closed","ping_status":"closed","template":"elementor_header_footer","meta":{"footnotes":""},"class_list":["post-409","page","type-page","status-publish","hentry"],"yoast_head":"<!-- This site is optimized with the Yoast SEO plugin v27.3 - https:\/\/yoast.com\/product\/yoast-seo-wordpress\/ -->\n<title>Agende sua avalia\u00e7\u00e3o - Dr Lucas Favero<\/title>\n<meta name=\"robots\" content=\"index, follow, max-snippet:-1, max-image-preview:large, max-video-preview:-1\" \/>\n<link rel=\"canonical\" href=\"http:\/\/priory.com.br\/drlucas\/agende-sua-avaliacao\/\" \/>\n<meta property=\"og:locale\" content=\"pt_BR\" \/>\n<meta property=\"og:type\" content=\"article\" \/>\n<meta property=\"og:title\" content=\"Agende sua avalia\u00e7\u00e3o - Dr Lucas Favero\" \/>\n<meta property=\"og:description\" content=\"AGENDE SUA AVALIA\u00c7\u00c3O\" \/>\n<meta property=\"og:url\" content=\"http:\/\/priory.com.br\/drlucas\/agende-sua-avaliacao\/\" \/>\n<meta property=\"og:site_name\" content=\"Dr Lucas Favero\" \/>\n<meta property=\"article:modified_time\" content=\"2021-06-16T15:54:07+00:00\" \/>\n<meta name=\"twitter:card\" content=\"summary_large_image\" \/>\n<meta name=\"twitter:label1\" content=\"Est. tempo de leitura\" \/>\n\t<meta name=\"twitter:data1\" content=\"1 minuto\" \/>\n<script type=\"application\/ld+json\" class=\"yoast-schema-graph\">{\"@context\":\"https:\\\/\\\/schema.org\",\"@graph\":[{\"@type\":\"WebPage\",\"@id\":\"http:\\\/\\\/priory.com.br\\\/drlucas\\\/agende-sua-avaliacao\\\/\",\"url\":\"http:\\\/\\\/priory.com.br\\\/drlucas\\\/agende-sua-avaliacao\\\/\",\"name\":\"Agende sua avalia\u00e7\u00e3o - Dr Lucas Favero\",\"isPartOf\":{\"@id\":\"https:\\\/\\\/priory.com.br\\\/drlucas\\\/#website\"},\"datePublished\":\"2021-05-10T15:00:31+00:00\",\"dateModified\":\"2021-06-16T15:54:07+00:00\",\"breadcrumb\":{\"@id\":\"http:\\\/\\\/priory.com.br\\\/drlucas\\\/agende-sua-avaliacao\\\/#breadcrumb\"},\"inLanguage\":\"pt-BR\",\"potentialAction\":[{\"@type\":\"ReadAction\",\"target\":[\"http:\\\/\\\/priory.com.br\\\/drlucas\\\/agende-sua-avaliacao\\\/\"]}]},{\"@type\":\"BreadcrumbList\",\"@id\":\"http:\\\/\\\/priory.com.br\\\/drlucas\\\/agende-sua-avaliacao\\\/#breadcrumb\",\"itemListElement\":[{\"@type\":\"ListItem\",\"position\":1,\"name\":\"In\u00edcio\",\"item\":\"https:\\\/\\\/priory.com.br\\\/drlucas\\\/\"},{\"@type\":\"ListItem\",\"position\":2,\"name\":\"Agende sua avalia\u00e7\u00e3o\"}]},{\"@type\":\"WebSite\",\"@id\":\"https:\\\/\\\/priory.com.br\\\/drlucas\\\/#website\",\"url\":\"https:\\\/\\\/priory.com.br\\\/drlucas\\\/\",\"name\":\"Dr Lucas Favero\",\"description\":\"Est\u00e9tica Facial\",\"potentialAction\":[{\"@type\":\"SearchAction\",\"target\":{\"@type\":\"EntryPoint\",\"urlTemplate\":\"https:\\\/\\\/priory.com.br\\\/drlucas\\\/?s={search_term_string}\"},\"query-input\":{\"@type\":\"PropertyValueSpecification\",\"valueRequired\":true,\"valueName\":\"search_term_string\"}}],\"inLanguage\":\"pt-BR\"}]}<\/script>\n<!-- \/ Yoast SEO plugin. -->","yoast_head_json":{"title":"Agende sua avalia\u00e7\u00e3o - Dr Lucas Favero","robots":{"index":"index","follow":"follow","max-snippet":"max-snippet:-1","max-image-preview":"max-image-preview:large","max-video-preview":"max-video-preview:-1"},"canonical":"http:\/\/priory.com.br\/drlucas\/agende-sua-avaliacao\/","og_locale":"pt_BR","og_type":"article","og_title":"Agende sua avalia\u00e7\u00e3o - Dr Lucas Favero","og_description":"AGENDE SUA AVALIA\u00c7\u00c3O","og_url":"http:\/\/priory.com.br\/drlucas\/agende-sua-avaliacao\/","og_site_name":"Dr Lucas Favero","article_modified_time":"2021-06-16T15:54:07+00:00","twitter_card":"summary_large_image","twitter_misc":{"Est. tempo de leitura":"1 minuto"},"schema":{"@context":"https:\/\/schema.org","@graph":[{"@type":"WebPage","@id":"http:\/\/priory.com.br\/drlucas\/agende-sua-avaliacao\/","url":"http:\/\/priory.com.br\/drlucas\/agende-sua-avaliacao\/","name":"Agende sua avalia\u00e7\u00e3o - Dr Lucas Favero","isPartOf":{"@id":"https:\/\/priory.com.br\/drlucas\/#website"},"datePublished":"2021-05-10T15:00:31+00:00","dateModified":"2021-06-16T15:54:07+00:00","breadcrumb":{"@id":"http:\/\/priory.com.br\/drlucas\/agende-sua-avaliacao\/#breadcrumb"},"inLanguage":"pt-BR","potentialAction":[{"@type":"ReadAction","target":["http:\/\/priory.com.br\/drlucas\/agende-sua-avaliacao\/"]}]},{"@type":"BreadcrumbList","@id":"http:\/\/priory.com.br\/drlucas\/agende-sua-avaliacao\/#breadcrumb","itemListElement":[{"@type":"ListItem","position":1,"name":"In\u00edcio","item":"https:\/\/priory.com.br\/drlucas\/"},{"@type":"ListItem","position":2,"name":"Agende sua avalia\u00e7\u00e3o"}]},{"@type":"WebSite","@id":"https:\/\/priory.com.br\/drlucas\/#website","url":"https:\/\/priory.com.br\/drlucas\/","name":"Dr Lucas Favero","description":"Est\u00e9tica Facial","potentialAction":[{"@type":"SearchAction","target":{"@type":"EntryPoint","urlTemplate":"https:\/\/priory.com.br\/drlucas\/?s={search_term_string}"},"query-input":{"@type":"PropertyValueSpecification","valueRequired":true,"valueName":"search_term_string"}}],"inLanguage":"pt-BR"}]}},"_links":{"self":[{"href":"http:\/\/priory.com.br\/drlucas\/wp-json\/wp\/v2\/pages\/409","targetHints":{"allow":["GET"]}}],"collection":[{"href":"http:\/\/priory.com.br\/drlucas\/wp-json\/wp\/v2\/pages"}],"about":[{"href":"http:\/\/priory.com.br\/drlucas\/wp-json\/wp\/v2\/types\/page"}],"author":[{"embeddable":true,"href":"http:\/\/priory.com.br\/drlucas\/wp-json\/wp\/v2\/users\/1"}],"replies":[{"embeddable":true,"href":"http:\/\/priory.com.br\/drlucas\/wp-json\/wp\/v2\/comments?post=409"}],"version-history":[{"count":85,"href":"http:\/\/priory.com.br\/drlucas\/wp-json\/wp\/v2\/pages\/409\/revisions"}],"predecessor-version":[{"id":928,"href":"http:\/\/priory.com.br\/drlucas\/wp-json\/wp\/v2\/pages\/409\/revisions\/928"}],"wp:attachment":[{"href":"http:\/\/priory.com.br\/drlucas\/wp-json\/wp\/v2\/media?parent=409"}],"curies":[{"name":"wp","href":"https:\/\/api.w.org\/{rel}","templated":true}]}}