{"id":498,"date":"2021-05-10T17:59:44","date_gmt":"2021-05-10T17:59:44","guid":{"rendered":"http:\/\/priory.com.br\/drlucas\/?page_id=498"},"modified":"2021-05-25T19:29:35","modified_gmt":"2021-05-25T19:29:35","slug":"dr-lucas-favero","status":"publish","type":"page","link":"http:\/\/priory.com.br\/drlucas\/dr-lucas-favero\/","title":{"rendered":"Dr Lucas Favero"},"content":{"rendered":"\t\t<div data-elementor-type=\"wp-page\" data-elementor-id=\"498\" class=\"elementor elementor-498\" data-elementor-post-type=\"page\">\n\t\t\t\t\t\t<section class=\"elementor-section elementor-top-section elementor-element elementor-element-5cd16218 elementor-section-full_width elementor-section-height-default elementor-section-height-default\" data-id=\"5cd16218\" data-element_type=\"section\" data-e-type=\"section\" data-settings=\"{&quot;background_background&quot;:&quot;classic&quot;}\">\n\t\t\t\t\t\t<div class=\"elementor-container elementor-column-gap-default\">\n\t\t\t\t\t<div class=\"elementor-column elementor-col-50 elementor-top-column elementor-element elementor-element-28ff88a5\" data-id=\"28ff88a5\" data-element_type=\"column\" data-e-type=\"column\" data-settings=\"{&quot;background_background&quot;:&quot;classic&quot;}\">\n\t\t\t<div class=\"elementor-widget-wrap elementor-element-populated\">\n\t\t\t\t\t\t<div class=\"elementor-element elementor-element-2e5abbe elementor-widget elementor-widget-image\" data-id=\"2e5abbe\" data-element_type=\"widget\" data-e-type=\"widget\" data-widget_type=\"image.default\">\n\t\t\t\t<div class=\"elementor-widget-container\">\n\t\t\t\t\t\t\t\t\t\t\t\t\t\t\t<img fetchpriority=\"high\" decoding=\"async\" width=\"463\" height=\"764\" src=\"http:\/\/priory.com.br\/drlucas\/wp-content\/uploads\/2021\/05\/Lucas-27.png\" class=\"attachment-large size-large wp-image-90\" alt=\"\" srcset=\"http:\/\/priory.com.br\/drlucas\/wp-content\/uploads\/2021\/05\/Lucas-27.png 463w, http:\/\/priory.com.br\/drlucas\/wp-content\/uploads\/2021\/05\/Lucas-27-182x300.png 182w\" sizes=\"(max-width: 463px) 100vw, 463px\" \/>\t\t\t\t\t\t\t\t\t\t\t\t\t\t\t<\/div>\n\t\t\t\t<\/div>\n\t\t\t\t\t<\/div>\n\t\t<\/div>\n\t\t\t\t<div class=\"elementor-column elementor-col-50 elementor-top-column elementor-element elementor-element-1d0beea\" data-id=\"1d0beea\" data-element_type=\"column\" data-e-type=\"column\">\n\t\t\t<div class=\"elementor-widget-wrap elementor-element-populated\">\n\t\t\t\t\t\t<div class=\"elementor-element elementor-element-282f60fe elementor-widget elementor-widget-heading\" data-id=\"282f60fe\" data-element_type=\"widget\" data-e-type=\"widget\" data-widget_type=\"heading.default\">\n\t\t\t\t<div class=\"elementor-widget-container\">\n\t\t\t\t\t<h2 class=\"elementor-heading-title elementor-size-default\">Dr. Lucas Favero<\/h2>\t\t\t\t<\/div>\n\t\t\t\t<\/div>\n\t\t\t\t<div class=\"elementor-element elementor-element-299b15c6 elementor-widget-divider--view-line elementor-widget elementor-widget-divider\" data-id=\"299b15c6\" data-element_type=\"widget\" data-e-type=\"widget\" data-widget_type=\"divider.default\">\n\t\t\t\t<div class=\"elementor-widget-container\">\n\t\t\t\t\t\t\t<div class=\"elementor-divider\">\n\t\t\t<span class=\"elementor-divider-separator\">\n\t\t\t\t\t\t<\/span>\n\t\t<\/div>\n\t\t\t\t\t\t<\/div>\n\t\t\t\t<\/div>\n\t\t\t\t<div class=\"elementor-element elementor-element-31e86146 elementor-widget__width-initial elementor-absolute elementor-hidden-phone elementor-widget elementor-widget-image\" data-id=\"31e86146\" data-element_type=\"widget\" data-e-type=\"widget\" data-settings=\"{&quot;_position&quot;:&quot;absolute&quot;}\" data-widget_type=\"image.default\">\n\t\t\t\t<div class=\"elementor-widget-container\">\n\t\t\t\t\t\t\t\t\t\t\t\t\t\t\t<img decoding=\"async\" width=\"333\" height=\"689\" src=\"http:\/\/priory.com.br\/drlucas\/wp-content\/uploads\/2021\/05\/diamante.png\" class=\"attachment-medium_large size-medium_large wp-image-94\" alt=\"\" srcset=\"http:\/\/priory.com.br\/drlucas\/wp-content\/uploads\/2021\/05\/diamante.png 333w, http:\/\/priory.com.br\/drlucas\/wp-content\/uploads\/2021\/05\/diamante-145x300.png 145w\" sizes=\"(max-width: 333px) 100vw, 333px\" \/>\t\t\t\t\t\t\t\t\t\t\t\t\t\t\t<\/div>\n\t\t\t\t<\/div>\n\t\t\t\t<div class=\"elementor-element elementor-element-557e40a elementor-widget elementor-widget-text-editor\" data-id=\"557e40a\" data-element_type=\"widget\" data-e-type=\"widget\" data-widget_type=\"text-editor.default\">\n\t\t\t\t<div class=\"elementor-widget-container\">\n\t\t\t\t\t\t\t\t\t<p>O farmac\u00eautico catarinense Lucas Favero traz em sua hist\u00f3ria a rela\u00e7\u00e3o com a Harmoniza\u00e7\u00e3o Facial. Se apaixonou pela est\u00e9tica desde o primeiro contato com \u00e1rea, a partir da\u00ed, realizou p\u00f3s-gradua\u00e7\u00e3o em Farm\u00e1cia Est\u00e9tica. Possui cursos de especializa\u00e7\u00e3o em anatomia, preenchimento facial e toxina botul\u00ednica pela University of South Fl\u00f3rida, curso de Facial Harmonization em Boston &#8211; MA. The Joseph B. Martin Conference Center at Harvard Medical School \u2013 HMX.<\/p><p>Os cinco anos de experi\u00eancia na \u00e1rea estruturaram o conhecimento adquirido nas academias americanas e no Brasil.<\/p><p>Preza pela naturalidade dos tra\u00e7os, e atrav\u00e9s das t\u00e9cnicas possibilita corre\u00e7\u00e3o das imperfei\u00e7\u00f5es e melhora na harmonia da face, \u00a0resultando na melhora da auto estima, rejuvenescimento e bem estar.<\/p><p>Seu prop\u00f3sito \u00e9 ajudar a transformar vidas, criar conex\u00f5es com pessoas que gostam de se cuidar e consideram que a constru\u00e7\u00e3o de um mundo melhor se d\u00e1 a partir da melhor rela\u00e7\u00e3o consigo mesmo e com o outro.<\/p><p>Harmonizar \u00e9 delinear os melhores tra\u00e7os, com a finalidade de obter os melhores resultados, tornando o belo ainda mais belo.<\/p>\t\t\t\t\t\t\t\t<\/div>\n\t\t\t\t<\/div>\n\t\t\t\t<div class=\"elementor-element elementor-element-19c0176 elementor-widget elementor-widget-text-editor\" data-id=\"19c0176\" data-element_type=\"widget\" data-e-type=\"widget\" data-widget_type=\"text-editor.default\">\n\t\t\t\t<div class=\"elementor-widget-container\">\n\t\t\t\t\t\t\t\t\t<p>CRF\/SC: 13726<\/p>\t\t\t\t\t\t\t\t<\/div>\n\t\t\t\t<\/div>\n\t\t\t\t\t<\/div>\n\t\t<\/div>\n\t\t\t\t\t<\/div>\n\t\t<\/section>\n\t\t\t\t<\/div>\n\t\t","protected":false},"excerpt":{"rendered":"<p>Dr. Lucas Favero O farmac\u00eautico catarinense Lucas Favero traz em sua hist\u00f3ria a rela\u00e7\u00e3o com a Harmoniza\u00e7\u00e3o Facial. Se apaixonou pela est\u00e9tica desde o primeiro contato com \u00e1rea, a partir da\u00ed, realizou p\u00f3s-gradua\u00e7\u00e3o em Farm\u00e1cia Est\u00e9tica. Possui cursos de especializa\u00e7\u00e3o em anatomia, preenchimento facial e toxina botul\u00ednica pela University of South Fl\u00f3rida, curso de Facial [&hellip;]<\/p>\n","protected":false},"author":1,"featured_media":0,"parent":0,"menu_order":0,"comment_status":"closed","ping_status":"closed","template":"elementor_header_footer","meta":{"footnotes":""},"class_list":["post-498","page","type-page","status-publish","hentry"],"yoast_head":"<!-- This site is optimized with the Yoast SEO plugin v27.3 - https:\/\/yoast.com\/product\/yoast-seo-wordpress\/ -->\n<title>Dr Lucas Favero - Dr Lucas Favero<\/title>\n<meta name=\"robots\" content=\"index, follow, max-snippet:-1, max-image-preview:large, max-video-preview:-1\" \/>\n<link rel=\"canonical\" href=\"http:\/\/priory.com.br\/drlucas\/dr-lucas-favero\/\" \/>\n<meta property=\"og:locale\" content=\"pt_BR\" \/>\n<meta property=\"og:type\" content=\"article\" \/>\n<meta property=\"og:title\" content=\"Dr Lucas Favero - Dr Lucas Favero\" \/>\n<meta property=\"og:description\" content=\"Dr. Lucas Favero O farmac\u00eautico catarinense Lucas Favero traz em sua hist\u00f3ria a rela\u00e7\u00e3o com a Harmoniza\u00e7\u00e3o Facial. Se apaixonou pela est\u00e9tica desde o primeiro contato com \u00e1rea, a partir da\u00ed, realizou p\u00f3s-gradua\u00e7\u00e3o em Farm\u00e1cia Est\u00e9tica. Possui cursos de especializa\u00e7\u00e3o em anatomia, preenchimento facial e toxina botul\u00ednica pela University of South Fl\u00f3rida, curso de Facial [&hellip;]\" \/>\n<meta property=\"og:url\" content=\"http:\/\/priory.com.br\/drlucas\/dr-lucas-favero\/\" \/>\n<meta property=\"og:site_name\" content=\"Dr Lucas Favero\" \/>\n<meta property=\"article:modified_time\" content=\"2021-05-25T19:29:35+00:00\" \/>\n<meta property=\"og:image\" content=\"http:\/\/priory.com.br\/drlucas\/wp-content\/uploads\/2021\/05\/Lucas-27.png\" \/>\n<meta name=\"twitter:card\" content=\"summary_large_image\" \/>\n<meta name=\"twitter:label1\" content=\"Est. tempo de leitura\" \/>\n\t<meta name=\"twitter:data1\" content=\"2 minutos\" \/>\n<script type=\"application\/ld+json\" class=\"yoast-schema-graph\">{\"@context\":\"https:\\\/\\\/schema.org\",\"@graph\":[{\"@type\":\"WebPage\",\"@id\":\"http:\\\/\\\/priory.com.br\\\/drlucas\\\/dr-lucas-favero\\\/\",\"url\":\"http:\\\/\\\/priory.com.br\\\/drlucas\\\/dr-lucas-favero\\\/\",\"name\":\"Dr Lucas Favero - Dr Lucas Favero\",\"isPartOf\":{\"@id\":\"https:\\\/\\\/priory.com.br\\\/drlucas\\\/#website\"},\"primaryImageOfPage\":{\"@id\":\"http:\\\/\\\/priory.com.br\\\/drlucas\\\/dr-lucas-favero\\\/#primaryimage\"},\"image\":{\"@id\":\"http:\\\/\\\/priory.com.br\\\/drlucas\\\/dr-lucas-favero\\\/#primaryimage\"},\"thumbnailUrl\":\"http:\\\/\\\/priory.com.br\\\/drlucas\\\/wp-content\\\/uploads\\\/2021\\\/05\\\/Lucas-27.png\",\"datePublished\":\"2021-05-10T17:59:44+00:00\",\"dateModified\":\"2021-05-25T19:29:35+00:00\",\"breadcrumb\":{\"@id\":\"http:\\\/\\\/priory.com.br\\\/drlucas\\\/dr-lucas-favero\\\/#breadcrumb\"},\"inLanguage\":\"pt-BR\",\"potentialAction\":[{\"@type\":\"ReadAction\",\"target\":[\"http:\\\/\\\/priory.com.br\\\/drlucas\\\/dr-lucas-favero\\\/\"]}]},{\"@type\":\"ImageObject\",\"inLanguage\":\"pt-BR\",\"@id\":\"http:\\\/\\\/priory.com.br\\\/drlucas\\\/dr-lucas-favero\\\/#primaryimage\",\"url\":\"http:\\\/\\\/priory.com.br\\\/drlucas\\\/wp-content\\\/uploads\\\/2021\\\/05\\\/Lucas-27.png\",\"contentUrl\":\"http:\\\/\\\/priory.com.br\\\/drlucas\\\/wp-content\\\/uploads\\\/2021\\\/05\\\/Lucas-27.png\",\"width\":463,\"height\":764},{\"@type\":\"BreadcrumbList\",\"@id\":\"http:\\\/\\\/priory.com.br\\\/drlucas\\\/dr-lucas-favero\\\/#breadcrumb\",\"itemListElement\":[{\"@type\":\"ListItem\",\"position\":1,\"name\":\"In\u00edcio\",\"item\":\"https:\\\/\\\/priory.com.br\\\/drlucas\\\/\"},{\"@type\":\"ListItem\",\"position\":2,\"name\":\"Dr Lucas Favero\"}]},{\"@type\":\"WebSite\",\"@id\":\"https:\\\/\\\/priory.com.br\\\/drlucas\\\/#website\",\"url\":\"https:\\\/\\\/priory.com.br\\\/drlucas\\\/\",\"name\":\"Dr Lucas Favero\",\"description\":\"Est\u00e9tica Facial\",\"potentialAction\":[{\"@type\":\"SearchAction\",\"target\":{\"@type\":\"EntryPoint\",\"urlTemplate\":\"https:\\\/\\\/priory.com.br\\\/drlucas\\\/?s={search_term_string}\"},\"query-input\":{\"@type\":\"PropertyValueSpecification\",\"valueRequired\":true,\"valueName\":\"search_term_string\"}}],\"inLanguage\":\"pt-BR\"}]}<\/script>\n<!-- \/ Yoast SEO plugin. -->","yoast_head_json":{"title":"Dr Lucas Favero - Dr Lucas Favero","robots":{"index":"index","follow":"follow","max-snippet":"max-snippet:-1","max-image-preview":"max-image-preview:large","max-video-preview":"max-video-preview:-1"},"canonical":"http:\/\/priory.com.br\/drlucas\/dr-lucas-favero\/","og_locale":"pt_BR","og_type":"article","og_title":"Dr Lucas Favero - Dr Lucas Favero","og_description":"Dr. Lucas Favero O farmac\u00eautico catarinense Lucas Favero traz em sua hist\u00f3ria a rela\u00e7\u00e3o com a Harmoniza\u00e7\u00e3o Facial. Se apaixonou pela est\u00e9tica desde o primeiro contato com \u00e1rea, a partir da\u00ed, realizou p\u00f3s-gradua\u00e7\u00e3o em Farm\u00e1cia Est\u00e9tica. Possui cursos de especializa\u00e7\u00e3o em anatomia, preenchimento facial e toxina botul\u00ednica pela University of South Fl\u00f3rida, curso de Facial [&hellip;]","og_url":"http:\/\/priory.com.br\/drlucas\/dr-lucas-favero\/","og_site_name":"Dr Lucas Favero","article_modified_time":"2021-05-25T19:29:35+00:00","og_image":[{"url":"http:\/\/priory.com.br\/drlucas\/wp-content\/uploads\/2021\/05\/Lucas-27.png","type":"","width":"","height":""}],"twitter_card":"summary_large_image","twitter_misc":{"Est. tempo de leitura":"2 minutos"},"schema":{"@context":"https:\/\/schema.org","@graph":[{"@type":"WebPage","@id":"http:\/\/priory.com.br\/drlucas\/dr-lucas-favero\/","url":"http:\/\/priory.com.br\/drlucas\/dr-lucas-favero\/","name":"Dr Lucas Favero - Dr Lucas Favero","isPartOf":{"@id":"https:\/\/priory.com.br\/drlucas\/#website"},"primaryImageOfPage":{"@id":"http:\/\/priory.com.br\/drlucas\/dr-lucas-favero\/#primaryimage"},"image":{"@id":"http:\/\/priory.com.br\/drlucas\/dr-lucas-favero\/#primaryimage"},"thumbnailUrl":"http:\/\/priory.com.br\/drlucas\/wp-content\/uploads\/2021\/05\/Lucas-27.png","datePublished":"2021-05-10T17:59:44+00:00","dateModified":"2021-05-25T19:29:35+00:00","breadcrumb":{"@id":"http:\/\/priory.com.br\/drlucas\/dr-lucas-favero\/#breadcrumb"},"inLanguage":"pt-BR","potentialAction":[{"@type":"ReadAction","target":["http:\/\/priory.com.br\/drlucas\/dr-lucas-favero\/"]}]},{"@type":"ImageObject","inLanguage":"pt-BR","@id":"http:\/\/priory.com.br\/drlucas\/dr-lucas-favero\/#primaryimage","url":"http:\/\/priory.com.br\/drlucas\/wp-content\/uploads\/2021\/05\/Lucas-27.png","contentUrl":"http:\/\/priory.com.br\/drlucas\/wp-content\/uploads\/2021\/05\/Lucas-27.png","width":463,"height":764},{"@type":"BreadcrumbList","@id":"http:\/\/priory.com.br\/drlucas\/dr-lucas-favero\/#breadcrumb","itemListElement":[{"@type":"ListItem","position":1,"name":"In\u00edcio","item":"https:\/\/priory.com.br\/drlucas\/"},{"@type":"ListItem","position":2,"name":"Dr Lucas Favero"}]},{"@type":"WebSite","@id":"https:\/\/priory.com.br\/drlucas\/#website","url":"https:\/\/priory.com.br\/drlucas\/","name":"Dr Lucas Favero","description":"Est\u00e9tica Facial","potentialAction":[{"@type":"SearchAction","target":{"@type":"EntryPoint","urlTemplate":"https:\/\/priory.com.br\/drlucas\/?s={search_term_string}"},"query-input":{"@type":"PropertyValueSpecification","valueRequired":true,"valueName":"search_term_string"}}],"inLanguage":"pt-BR"}]}},"_links":{"self":[{"href":"http:\/\/priory.com.br\/drlucas\/wp-json\/wp\/v2\/pages\/498","targetHints":{"allow":["GET"]}}],"collection":[{"href":"http:\/\/priory.com.br\/drlucas\/wp-json\/wp\/v2\/pages"}],"about":[{"href":"http:\/\/priory.com.br\/drlucas\/wp-json\/wp\/v2\/types\/page"}],"author":[{"embeddable":true,"href":"http:\/\/priory.com.br\/drlucas\/wp-json\/wp\/v2\/users\/1"}],"replies":[{"embeddable":true,"href":"http:\/\/priory.com.br\/drlucas\/wp-json\/wp\/v2\/comments?post=498"}],"version-history":[{"count":16,"href":"http:\/\/priory.com.br\/drlucas\/wp-json\/wp\/v2\/pages\/498\/revisions"}],"predecessor-version":[{"id":904,"href":"http:\/\/priory.com.br\/drlucas\/wp-json\/wp\/v2\/pages\/498\/revisions\/904"}],"wp:attachment":[{"href":"http:\/\/priory.com.br\/drlucas\/wp-json\/wp\/v2\/media?parent=498"}],"curies":[{"name":"wp","href":"https:\/\/api.w.org\/{rel}","templated":true}]}}