{"id":516,"date":"2021-05-10T18:52:31","date_gmt":"2021-05-10T18:52:31","guid":{"rendered":"http:\/\/priory.com.br\/drlucas\/?page_id=516"},"modified":"2021-06-16T18:55:23","modified_gmt":"2021-06-16T18:55:23","slug":"vale-presente","status":"publish","type":"page","link":"http:\/\/priory.com.br\/drlucas\/vale-presente\/","title":{"rendered":"Vale-presente"},"content":{"rendered":"\t\t<div data-elementor-type=\"wp-page\" data-elementor-id=\"516\" class=\"elementor elementor-516\" data-elementor-post-type=\"page\">\n\t\t\t\t\t\t<section class=\"elementor-section elementor-top-section elementor-element elementor-element-2aa2745 elementor-section-boxed elementor-section-height-default elementor-section-height-default\" data-id=\"2aa2745\" data-element_type=\"section\" data-e-type=\"section\" data-settings=\"{&quot;background_background&quot;:&quot;classic&quot;}\">\n\t\t\t\t\t\t<div class=\"elementor-container elementor-column-gap-default\">\n\t\t\t\t\t<div class=\"elementor-column elementor-col-50 elementor-top-column elementor-element elementor-element-58fae4e\" data-id=\"58fae4e\" data-element_type=\"column\" data-e-type=\"column\">\n\t\t\t<div class=\"elementor-widget-wrap elementor-element-populated\">\n\t\t\t\t\t\t<div class=\"elementor-element elementor-element-79f73e8 elementor-widget elementor-widget-heading\" data-id=\"79f73e8\" data-element_type=\"widget\" data-e-type=\"widget\" data-widget_type=\"heading.default\">\n\t\t\t\t<div class=\"elementor-widget-container\">\n\t\t\t\t\t<h2 class=\"elementor-heading-title elementor-size-default\">CART\u00c3O PRESENTE<\/h2>\t\t\t\t<\/div>\n\t\t\t\t<\/div>\n\t\t\t\t<div class=\"elementor-element elementor-element-26d515f elementor-widget-divider--view-line elementor-widget elementor-widget-divider\" data-id=\"26d515f\" data-element_type=\"widget\" data-e-type=\"widget\" data-widget_type=\"divider.default\">\n\t\t\t\t<div class=\"elementor-widget-container\">\n\t\t\t\t\t\t\t<div class=\"elementor-divider\">\n\t\t\t<span class=\"elementor-divider-separator\">\n\t\t\t\t\t\t<\/span>\n\t\t<\/div>\n\t\t\t\t\t\t<\/div>\n\t\t\t\t<\/div>\n\t\t\t\t<div class=\"elementor-element elementor-element-3f333b7 elementor-widget elementor-widget-text-editor\" data-id=\"3f333b7\" data-element_type=\"widget\" data-e-type=\"widget\" data-widget_type=\"text-editor.default\">\n\t\t\t\t<div class=\"elementor-widget-container\">\n\t\t\t\t\t\t\t\t\t<p>Surpreenda e declare seu amor tornando o belo ainda mais belo!<\/p>\t\t\t\t\t\t\t\t<\/div>\n\t\t\t\t<\/div>\n\t\t\t\t\t<\/div>\n\t\t<\/div>\n\t\t\t\t<div class=\"elementor-column elementor-col-50 elementor-top-column elementor-element elementor-element-828dbdb\" data-id=\"828dbdb\" data-element_type=\"column\" data-e-type=\"column\">\n\t\t\t<div class=\"elementor-widget-wrap elementor-element-populated\">\n\t\t\t\t\t\t<div class=\"elementor-element elementor-element-b6a2bbe elementor-widget elementor-widget-image\" data-id=\"b6a2bbe\" data-element_type=\"widget\" data-e-type=\"widget\" data-widget_type=\"image.default\">\n\t\t\t\t<div class=\"elementor-widget-container\">\n\t\t\t\t\t\t\t\t\t\t\t\t\t\t\t<img fetchpriority=\"high\" decoding=\"async\" width=\"580\" height=\"597\" src=\"http:\/\/priory.com.br\/drlucas\/wp-content\/uploads\/2021\/06\/valepresente-drlucasfavero2.jpg\" class=\"attachment-large size-large wp-image-953\" alt=\"\" srcset=\"http:\/\/priory.com.br\/drlucas\/wp-content\/uploads\/2021\/06\/valepresente-drlucasfavero2.jpg 853w, http:\/\/priory.com.br\/drlucas\/wp-content\/uploads\/2021\/06\/valepresente-drlucasfavero2-291x300.jpg 291w, http:\/\/priory.com.br\/drlucas\/wp-content\/uploads\/2021\/06\/valepresente-drlucasfavero2-768x791.jpg 768w\" sizes=\"(max-width: 580px) 100vw, 580px\" \/>\t\t\t\t\t\t\t\t\t\t\t\t\t\t\t<\/div>\n\t\t\t\t<\/div>\n\t\t\t\t\t<\/div>\n\t\t<\/div>\n\t\t\t\t\t<\/div>\n\t\t<\/section>\n\t\t\t\t<section class=\"elementor-section elementor-top-section elementor-element elementor-element-b543647 elementor-section-boxed elementor-section-height-default elementor-section-height-default\" data-id=\"b543647\" data-element_type=\"section\" data-e-type=\"section\">\n\t\t\t\t\t\t<div class=\"elementor-container elementor-column-gap-default\">\n\t\t\t\t\t<div class=\"elementor-column elementor-col-100 elementor-top-column elementor-element elementor-element-3dea64b\" data-id=\"3dea64b\" data-element_type=\"column\" data-e-type=\"column\">\n\t\t\t<div class=\"elementor-widget-wrap elementor-element-populated\">\n\t\t\t\t\t\t<div class=\"elementor-element elementor-element-fdcc862 elementor-widget elementor-widget-heading\" data-id=\"fdcc862\" data-element_type=\"widget\" data-e-type=\"widget\" data-widget_type=\"heading.default\">\n\t\t\t\t<div class=\"elementor-widget-container\">\n\t\t\t\t\t<h2 class=\"elementor-heading-title elementor-size-default\">Est\u00e1 sem ideias ou em d\u00favida para <\/br>\nPresentear algu\u00e9m especial?<\/h2>\t\t\t\t<\/div>\n\t\t\t\t<\/div>\n\t\t\t\t<div class=\"elementor-element elementor-element-ea76072 elementor-widget-divider--view-line elementor-widget elementor-widget-divider\" data-id=\"ea76072\" data-element_type=\"widget\" data-e-type=\"widget\" data-widget_type=\"divider.default\">\n\t\t\t\t<div class=\"elementor-widget-container\">\n\t\t\t\t\t\t\t<div class=\"elementor-divider\">\n\t\t\t<span class=\"elementor-divider-separator\">\n\t\t\t\t\t\t<\/span>\n\t\t<\/div>\n\t\t\t\t\t\t<\/div>\n\t\t\t\t<\/div>\n\t\t\t\t<section class=\"elementor-section elementor-inner-section elementor-element elementor-element-9044570 elementor-section-boxed elementor-section-height-default elementor-section-height-default\" data-id=\"9044570\" data-element_type=\"section\" data-e-type=\"section\">\n\t\t\t\t\t\t<div class=\"elementor-container elementor-column-gap-default\">\n\t\t\t\t\t<div class=\"elementor-column elementor-col-50 elementor-inner-column elementor-element elementor-element-9dd338d\" data-id=\"9dd338d\" data-element_type=\"column\" data-e-type=\"column\">\n\t\t\t<div class=\"elementor-widget-wrap elementor-element-populated\">\n\t\t\t\t\t\t<div class=\"elementor-element elementor-element-70cf98e elementor-widget elementor-widget-image\" data-id=\"70cf98e\" data-element_type=\"widget\" data-e-type=\"widget\" data-widget_type=\"image.default\">\n\t\t\t\t<div class=\"elementor-widget-container\">\n\t\t\t\t\t\t\t\t\t\t\t\t\t\t\t<img decoding=\"async\" width=\"580\" height=\"553\" src=\"http:\/\/priory.com.br\/drlucas\/wp-content\/uploads\/2021\/06\/valepresente2-2.jpg\" class=\"attachment-large size-large wp-image-959\" alt=\"\" srcset=\"http:\/\/priory.com.br\/drlucas\/wp-content\/uploads\/2021\/06\/valepresente2-2.jpg 853w, http:\/\/priory.com.br\/drlucas\/wp-content\/uploads\/2021\/06\/valepresente2-2-300x286.jpg 300w, http:\/\/priory.com.br\/drlucas\/wp-content\/uploads\/2021\/06\/valepresente2-2-768x733.jpg 768w\" sizes=\"(max-width: 580px) 100vw, 580px\" \/>\t\t\t\t\t\t\t\t\t\t\t\t\t\t\t<\/div>\n\t\t\t\t<\/div>\n\t\t\t\t\t<\/div>\n\t\t<\/div>\n\t\t\t\t<div class=\"elementor-column elementor-col-50 elementor-inner-column elementor-element elementor-element-8ffdbae\" data-id=\"8ffdbae\" data-element_type=\"column\" data-e-type=\"column\">\n\t\t\t<div class=\"elementor-widget-wrap elementor-element-populated\">\n\t\t\t\t\t\t<div class=\"elementor-element elementor-element-f103f2e elementor-widget elementor-widget-text-editor\" data-id=\"f103f2e\" data-element_type=\"widget\" data-e-type=\"widget\" data-widget_type=\"text-editor.default\">\n\t\t\t\t<div class=\"elementor-widget-container\">\n\t\t\t\t\t\t\t\t\t<p>Um cart\u00e3o presente pode ser uma \u00f3tima op\u00e7\u00e3o para quem deseja cuidar da face e do corpo, afinal, quem n\u00e3o gosta de se cuidar?<\/p><p>O cart\u00e3o \u00e9 personaliz\u00e1vel e pode ser usado para qualquer ocasi\u00e3o, como anivers\u00e1rios, presente de casamento para os noivos, datas especiais, dia dos namorados, dia das m\u00e3es, dia dos pais, anivers\u00e1rio de casamento, entre outras.<\/p><p>Para adquiri-lo, basta solicitar \u00e0 nossa equipe, escolher o valor do presente e efetuar o pagamento. \u00c9 necess\u00e1rio deixar o seu nome e telefone, bem como nome completo e telefone do presenteado. Estes dados s\u00e3o necess\u00e1rios para personalizar o atendimento, evitar fraudes e danos.<\/p>\t\t\t\t\t\t\t\t<\/div>\n\t\t\t\t<\/div>\n\t\t\t\t\t<\/div>\n\t\t<\/div>\n\t\t\t\t\t<\/div>\n\t\t<\/section>\n\t\t\t\t\t<\/div>\n\t\t<\/div>\n\t\t\t\t\t<\/div>\n\t\t<\/section>\n\t\t\t\t<section class=\"elementor-section elementor-top-section elementor-element elementor-element-19ac48d elementor-section-boxed elementor-section-height-default elementor-section-height-default\" data-id=\"19ac48d\" data-element_type=\"section\" data-e-type=\"section\" data-settings=\"{&quot;background_background&quot;:&quot;classic&quot;}\">\n\t\t\t\t\t\t<div class=\"elementor-container elementor-column-gap-default\">\n\t\t\t\t\t<div class=\"elementor-column elementor-col-100 elementor-top-column elementor-element elementor-element-4c725fd\" data-id=\"4c725fd\" data-element_type=\"column\" data-e-type=\"column\">\n\t\t\t<div class=\"elementor-widget-wrap elementor-element-populated\">\n\t\t\t\t\t\t<div class=\"elementor-element elementor-element-f4d9c14 elementor-widget elementor-widget-heading\" data-id=\"f4d9c14\" data-element_type=\"widget\" data-e-type=\"widget\" data-widget_type=\"heading.default\">\n\t\t\t\t<div class=\"elementor-widget-container\">\n\t\t\t\t\t<h2 class=\"elementor-heading-title elementor-size-default\">Op\u00e7\u00e3o de valores:<\/h2>\t\t\t\t<\/div>\n\t\t\t\t<\/div>\n\t\t\t\t\t<\/div>\n\t\t<\/div>\n\t\t\t\t\t<\/div>\n\t\t<\/section>\n\t\t\t\t<section class=\"elementor-section elementor-top-section elementor-element elementor-element-f8db362 elementor-section-content-middle elementor-section-boxed elementor-section-height-default elementor-section-height-default\" data-id=\"f8db362\" data-element_type=\"section\" data-e-type=\"section\" data-settings=\"{&quot;background_background&quot;:&quot;classic&quot;}\">\n\t\t\t\t\t\t<div class=\"elementor-container elementor-column-gap-custom\">\n\t\t\t\t\t<div class=\"elementor-column elementor-col-20 elementor-top-column elementor-element elementor-element-e8e5207\" data-id=\"e8e5207\" data-element_type=\"column\" data-e-type=\"column\" data-settings=\"{&quot;background_background&quot;:&quot;classic&quot;}\">\n\t\t\t<div class=\"elementor-widget-wrap elementor-element-populated\">\n\t\t\t\t\t\t<div class=\"elementor-element elementor-element-e0e263e elementor-widget elementor-widget-heading\" data-id=\"e0e263e\" data-element_type=\"widget\" data-e-type=\"widget\" data-widget_type=\"heading.default\">\n\t\t\t\t<div class=\"elementor-widget-container\">\n\t\t\t\t\t<h2 class=\"elementor-heading-title elementor-size-default\">R$250 <\/h2>\t\t\t\t<\/div>\n\t\t\t\t<\/div>\n\t\t\t\t\t<\/div>\n\t\t<\/div>\n\t\t\t\t<div class=\"elementor-column elementor-col-20 elementor-top-column elementor-element elementor-element-fa25d1d\" data-id=\"fa25d1d\" data-element_type=\"column\" data-e-type=\"column\" data-settings=\"{&quot;background_background&quot;:&quot;classic&quot;}\">\n\t\t\t<div class=\"elementor-widget-wrap\">\n\t\t\t\t\t\t\t<\/div>\n\t\t<\/div>\n\t\t\t\t<div class=\"elementor-column elementor-col-20 elementor-top-column elementor-element elementor-element-7acdb16\" data-id=\"7acdb16\" data-element_type=\"column\" data-e-type=\"column\" data-settings=\"{&quot;background_background&quot;:&quot;classic&quot;}\">\n\t\t\t<div class=\"elementor-widget-wrap elementor-element-populated\">\n\t\t\t\t\t\t<div class=\"elementor-element elementor-element-f2549e5 elementor-widget elementor-widget-heading\" data-id=\"f2549e5\" data-element_type=\"widget\" data-e-type=\"widget\" data-widget_type=\"heading.default\">\n\t\t\t\t<div class=\"elementor-widget-container\">\n\t\t\t\t\t<h2 class=\"elementor-heading-title elementor-size-default\">R$ 500<\/h2>\t\t\t\t<\/div>\n\t\t\t\t<\/div>\n\t\t\t\t\t<\/div>\n\t\t<\/div>\n\t\t\t\t<div class=\"elementor-column elementor-col-20 elementor-top-column elementor-element elementor-element-71c7c0b\" data-id=\"71c7c0b\" data-element_type=\"column\" data-e-type=\"column\" data-settings=\"{&quot;background_background&quot;:&quot;classic&quot;}\">\n\t\t\t<div class=\"elementor-widget-wrap\">\n\t\t\t\t\t\t\t<\/div>\n\t\t<\/div>\n\t\t\t\t<div class=\"elementor-column elementor-col-20 elementor-top-column elementor-element elementor-element-020e269\" data-id=\"020e269\" data-element_type=\"column\" data-e-type=\"column\" data-settings=\"{&quot;background_background&quot;:&quot;classic&quot;}\">\n\t\t\t<div class=\"elementor-widget-wrap elementor-element-populated\">\n\t\t\t\t\t\t<div class=\"elementor-element elementor-element-769edd9 elementor-widget elementor-widget-heading\" data-id=\"769edd9\" data-element_type=\"widget\" data-e-type=\"widget\" data-widget_type=\"heading.default\">\n\t\t\t\t<div class=\"elementor-widget-container\">\n\t\t\t\t\t<h2 class=\"elementor-heading-title elementor-size-default\">R$1.000,00<\/h2>\t\t\t\t<\/div>\n\t\t\t\t<\/div>\n\t\t\t\t\t<\/div>\n\t\t<\/div>\n\t\t\t\t\t<\/div>\n\t\t<\/section>\n\t\t\t\t<section class=\"elementor-section elementor-top-section elementor-element elementor-element-f47d7ef elementor-section-boxed elementor-section-height-default elementor-section-height-default\" data-id=\"f47d7ef\" data-element_type=\"section\" data-e-type=\"section\">\n\t\t\t\t\t\t<div class=\"elementor-container elementor-column-gap-default\">\n\t\t\t\t\t<div class=\"elementor-column elementor-col-100 elementor-top-column elementor-element elementor-element-0298e36\" data-id=\"0298e36\" data-element_type=\"column\" data-e-type=\"column\">\n\t\t\t<div class=\"elementor-widget-wrap elementor-element-populated\">\n\t\t\t\t\t\t<div class=\"elementor-element elementor-element-244958b elementor-widget elementor-widget-text-editor\" data-id=\"244958b\" data-element_type=\"widget\" data-e-type=\"widget\" data-widget_type=\"text-editor.default\">\n\t\t\t\t<div class=\"elementor-widget-container\">\n\t\t\t\t\t\t\t\t\t<p>O presenteado pode escolher o procedimento que ir\u00e1 realizar. No caso do procedimento exceder o valor do cart\u00e3o presente, a diferen\u00e7a do valor deve ser pago no mesmo ato.<\/p>\t\t\t\t\t\t\t\t<\/div>\n\t\t\t\t<\/div>\n\t\t\t\t<div class=\"elementor-element elementor-element-7cd3060 elementor-widget elementor-widget-heading\" data-id=\"7cd3060\" data-element_type=\"widget\" data-e-type=\"widget\" data-widget_type=\"heading.default\">\n\t\t\t\t<div class=\"elementor-widget-container\">\n\t\t\t\t\t<h2 class=\"elementor-heading-title elementor-size-default\">FORMAS DE PAGAMENTO:<\/h2>\t\t\t\t<\/div>\n\t\t\t\t<\/div>\n\t\t\t\t<div class=\"elementor-element elementor-element-2c10587 elementor-widget-divider--view-line elementor-widget elementor-widget-divider\" data-id=\"2c10587\" data-element_type=\"widget\" data-e-type=\"widget\" data-widget_type=\"divider.default\">\n\t\t\t\t<div class=\"elementor-widget-container\">\n\t\t\t\t\t\t\t<div class=\"elementor-divider\">\n\t\t\t<span class=\"elementor-divider-separator\">\n\t\t\t\t\t\t<\/span>\n\t\t<\/div>\n\t\t\t\t\t\t<\/div>\n\t\t\t\t<\/div>\n\t\t\t\t<div class=\"elementor-element elementor-element-b129121 elementor-widget elementor-widget-text-editor\" data-id=\"b129121\" data-element_type=\"widget\" data-e-type=\"widget\" data-widget_type=\"text-editor.default\">\n\t\t\t\t<div class=\"elementor-widget-container\">\n\t\t\t\t\t\t\t\t\t<p>Transfer\u00eancias via PIX, cart\u00f5es de d\u00e9bito e cr\u00e9dito.<\/p>\t\t\t\t\t\t\t\t<\/div>\n\t\t\t\t<\/div>\n\t\t\t\t<div class=\"elementor-element elementor-element-9f66333 elementor-widget elementor-widget-image\" data-id=\"9f66333\" data-element_type=\"widget\" data-e-type=\"widget\" data-widget_type=\"image.default\">\n\t\t\t\t<div class=\"elementor-widget-container\">\n\t\t\t\t\t\t\t\t\t\t\t\t\t\t\t<img decoding=\"async\" width=\"580\" height=\"70\" src=\"http:\/\/priory.com.br\/drlucas\/wp-content\/uploads\/2021\/05\/Captura-de-Tela-2021-05-10-a\u0300s-16.11.56.png\" class=\"attachment-large size-large wp-image-533\" alt=\"\" srcset=\"http:\/\/priory.com.br\/drlucas\/wp-content\/uploads\/2021\/05\/Captura-de-Tela-2021-05-10-a\u0300s-16.11.56.png 585w, http:\/\/priory.com.br\/drlucas\/wp-content\/uploads\/2021\/05\/Captura-de-Tela-2021-05-10-a\u0300s-16.11.56-300x36.png 300w\" sizes=\"(max-width: 580px) 100vw, 580px\" \/>\t\t\t\t\t\t\t\t\t\t\t\t\t\t\t<\/div>\n\t\t\t\t<\/div>\n\t\t\t\t\t<\/div>\n\t\t<\/div>\n\t\t\t\t\t<\/div>\n\t\t<\/section>\n\t\t\t\t<\/div>\n\t\t","protected":false},"excerpt":{"rendered":"<p>CART\u00c3O PRESENTE Surpreenda e declare seu amor tornando o belo ainda mais belo! Est\u00e1 sem ideias ou em d\u00favida para Presentear algu\u00e9m especial? Um cart\u00e3o presente pode ser uma \u00f3tima op\u00e7\u00e3o para quem deseja cuidar da face e do corpo, afinal, quem n\u00e3o gosta de se cuidar? O cart\u00e3o \u00e9 personaliz\u00e1vel e pode ser usado [&hellip;]<\/p>\n","protected":false},"author":1,"featured_media":0,"parent":0,"menu_order":0,"comment_status":"closed","ping_status":"closed","template":"elementor_header_footer","meta":{"footnotes":""},"class_list":["post-516","page","type-page","status-publish","hentry"],"yoast_head":"<!-- This site is optimized with the Yoast SEO plugin v27.3 - https:\/\/yoast.com\/product\/yoast-seo-wordpress\/ -->\n<title>Vale-presente - Dr Lucas Favero<\/title>\n<meta name=\"robots\" content=\"index, follow, max-snippet:-1, max-image-preview:large, max-video-preview:-1\" \/>\n<link rel=\"canonical\" href=\"http:\/\/priory.com.br\/drlucas\/vale-presente\/\" \/>\n<meta property=\"og:locale\" content=\"pt_BR\" \/>\n<meta property=\"og:type\" content=\"article\" \/>\n<meta property=\"og:title\" content=\"Vale-presente - Dr Lucas Favero\" \/>\n<meta property=\"og:description\" content=\"CART\u00c3O PRESENTE Surpreenda e declare seu amor tornando o belo ainda mais belo! Est\u00e1 sem ideias ou em d\u00favida para Presentear algu\u00e9m especial? Um cart\u00e3o presente pode ser uma \u00f3tima op\u00e7\u00e3o para quem deseja cuidar da face e do corpo, afinal, quem n\u00e3o gosta de se cuidar? O cart\u00e3o \u00e9 personaliz\u00e1vel e pode ser usado [&hellip;]\" \/>\n<meta property=\"og:url\" content=\"http:\/\/priory.com.br\/drlucas\/vale-presente\/\" \/>\n<meta property=\"og:site_name\" content=\"Dr Lucas Favero\" \/>\n<meta property=\"article:modified_time\" content=\"2021-06-16T18:55:23+00:00\" \/>\n<meta property=\"og:image\" content=\"http:\/\/priory.com.br\/drlucas\/wp-content\/uploads\/2021\/06\/valepresente-drlucasfavero2.jpg\" \/>\n<meta name=\"twitter:card\" content=\"summary_large_image\" \/>\n<meta name=\"twitter:label1\" content=\"Est. tempo de leitura\" \/>\n\t<meta name=\"twitter:data1\" content=\"2 minutos\" \/>\n<script type=\"application\/ld+json\" class=\"yoast-schema-graph\">{\"@context\":\"https:\\\/\\\/schema.org\",\"@graph\":[{\"@type\":\"WebPage\",\"@id\":\"http:\\\/\\\/priory.com.br\\\/drlucas\\\/vale-presente\\\/\",\"url\":\"http:\\\/\\\/priory.com.br\\\/drlucas\\\/vale-presente\\\/\",\"name\":\"Vale-presente - Dr Lucas Favero\",\"isPartOf\":{\"@id\":\"https:\\\/\\\/priory.com.br\\\/drlucas\\\/#website\"},\"primaryImageOfPage\":{\"@id\":\"http:\\\/\\\/priory.com.br\\\/drlucas\\\/vale-presente\\\/#primaryimage\"},\"image\":{\"@id\":\"http:\\\/\\\/priory.com.br\\\/drlucas\\\/vale-presente\\\/#primaryimage\"},\"thumbnailUrl\":\"http:\\\/\\\/priory.com.br\\\/drlucas\\\/wp-content\\\/uploads\\\/2021\\\/06\\\/valepresente-drlucasfavero2.jpg\",\"datePublished\":\"2021-05-10T18:52:31+00:00\",\"dateModified\":\"2021-06-16T18:55:23+00:00\",\"breadcrumb\":{\"@id\":\"http:\\\/\\\/priory.com.br\\\/drlucas\\\/vale-presente\\\/#breadcrumb\"},\"inLanguage\":\"pt-BR\",\"potentialAction\":[{\"@type\":\"ReadAction\",\"target\":[\"http:\\\/\\\/priory.com.br\\\/drlucas\\\/vale-presente\\\/\"]}]},{\"@type\":\"ImageObject\",\"inLanguage\":\"pt-BR\",\"@id\":\"http:\\\/\\\/priory.com.br\\\/drlucas\\\/vale-presente\\\/#primaryimage\",\"url\":\"http:\\\/\\\/priory.com.br\\\/drlucas\\\/wp-content\\\/uploads\\\/2021\\\/06\\\/valepresente-drlucasfavero2.jpg\",\"contentUrl\":\"http:\\\/\\\/priory.com.br\\\/drlucas\\\/wp-content\\\/uploads\\\/2021\\\/06\\\/valepresente-drlucasfavero2.jpg\",\"width\":853,\"height\":878},{\"@type\":\"BreadcrumbList\",\"@id\":\"http:\\\/\\\/priory.com.br\\\/drlucas\\\/vale-presente\\\/#breadcrumb\",\"itemListElement\":[{\"@type\":\"ListItem\",\"position\":1,\"name\":\"In\u00edcio\",\"item\":\"https:\\\/\\\/priory.com.br\\\/drlucas\\\/\"},{\"@type\":\"ListItem\",\"position\":2,\"name\":\"Vale-presente\"}]},{\"@type\":\"WebSite\",\"@id\":\"https:\\\/\\\/priory.com.br\\\/drlucas\\\/#website\",\"url\":\"https:\\\/\\\/priory.com.br\\\/drlucas\\\/\",\"name\":\"Dr Lucas Favero\",\"description\":\"Est\u00e9tica Facial\",\"potentialAction\":[{\"@type\":\"SearchAction\",\"target\":{\"@type\":\"EntryPoint\",\"urlTemplate\":\"https:\\\/\\\/priory.com.br\\\/drlucas\\\/?s={search_term_string}\"},\"query-input\":{\"@type\":\"PropertyValueSpecification\",\"valueRequired\":true,\"valueName\":\"search_term_string\"}}],\"inLanguage\":\"pt-BR\"}]}<\/script>\n<!-- \/ Yoast SEO plugin. -->","yoast_head_json":{"title":"Vale-presente - Dr Lucas Favero","robots":{"index":"index","follow":"follow","max-snippet":"max-snippet:-1","max-image-preview":"max-image-preview:large","max-video-preview":"max-video-preview:-1"},"canonical":"http:\/\/priory.com.br\/drlucas\/vale-presente\/","og_locale":"pt_BR","og_type":"article","og_title":"Vale-presente - Dr Lucas Favero","og_description":"CART\u00c3O PRESENTE Surpreenda e declare seu amor tornando o belo ainda mais belo! Est\u00e1 sem ideias ou em d\u00favida para Presentear algu\u00e9m especial? Um cart\u00e3o presente pode ser uma \u00f3tima op\u00e7\u00e3o para quem deseja cuidar da face e do corpo, afinal, quem n\u00e3o gosta de se cuidar? O cart\u00e3o \u00e9 personaliz\u00e1vel e pode ser usado [&hellip;]","og_url":"http:\/\/priory.com.br\/drlucas\/vale-presente\/","og_site_name":"Dr Lucas Favero","article_modified_time":"2021-06-16T18:55:23+00:00","og_image":[{"url":"http:\/\/priory.com.br\/drlucas\/wp-content\/uploads\/2021\/06\/valepresente-drlucasfavero2.jpg","type":"","width":"","height":""}],"twitter_card":"summary_large_image","twitter_misc":{"Est. tempo de leitura":"2 minutos"},"schema":{"@context":"https:\/\/schema.org","@graph":[{"@type":"WebPage","@id":"http:\/\/priory.com.br\/drlucas\/vale-presente\/","url":"http:\/\/priory.com.br\/drlucas\/vale-presente\/","name":"Vale-presente - Dr Lucas Favero","isPartOf":{"@id":"https:\/\/priory.com.br\/drlucas\/#website"},"primaryImageOfPage":{"@id":"http:\/\/priory.com.br\/drlucas\/vale-presente\/#primaryimage"},"image":{"@id":"http:\/\/priory.com.br\/drlucas\/vale-presente\/#primaryimage"},"thumbnailUrl":"http:\/\/priory.com.br\/drlucas\/wp-content\/uploads\/2021\/06\/valepresente-drlucasfavero2.jpg","datePublished":"2021-05-10T18:52:31+00:00","dateModified":"2021-06-16T18:55:23+00:00","breadcrumb":{"@id":"http:\/\/priory.com.br\/drlucas\/vale-presente\/#breadcrumb"},"inLanguage":"pt-BR","potentialAction":[{"@type":"ReadAction","target":["http:\/\/priory.com.br\/drlucas\/vale-presente\/"]}]},{"@type":"ImageObject","inLanguage":"pt-BR","@id":"http:\/\/priory.com.br\/drlucas\/vale-presente\/#primaryimage","url":"http:\/\/priory.com.br\/drlucas\/wp-content\/uploads\/2021\/06\/valepresente-drlucasfavero2.jpg","contentUrl":"http:\/\/priory.com.br\/drlucas\/wp-content\/uploads\/2021\/06\/valepresente-drlucasfavero2.jpg","width":853,"height":878},{"@type":"BreadcrumbList","@id":"http:\/\/priory.com.br\/drlucas\/vale-presente\/#breadcrumb","itemListElement":[{"@type":"ListItem","position":1,"name":"In\u00edcio","item":"https:\/\/priory.com.br\/drlucas\/"},{"@type":"ListItem","position":2,"name":"Vale-presente"}]},{"@type":"WebSite","@id":"https:\/\/priory.com.br\/drlucas\/#website","url":"https:\/\/priory.com.br\/drlucas\/","name":"Dr Lucas Favero","description":"Est\u00e9tica Facial","potentialAction":[{"@type":"SearchAction","target":{"@type":"EntryPoint","urlTemplate":"https:\/\/priory.com.br\/drlucas\/?s={search_term_string}"},"query-input":{"@type":"PropertyValueSpecification","valueRequired":true,"valueName":"search_term_string"}}],"inLanguage":"pt-BR"}]}},"_links":{"self":[{"href":"http:\/\/priory.com.br\/drlucas\/wp-json\/wp\/v2\/pages\/516","targetHints":{"allow":["GET"]}}],"collection":[{"href":"http:\/\/priory.com.br\/drlucas\/wp-json\/wp\/v2\/pages"}],"about":[{"href":"http:\/\/priory.com.br\/drlucas\/wp-json\/wp\/v2\/types\/page"}],"author":[{"embeddable":true,"href":"http:\/\/priory.com.br\/drlucas\/wp-json\/wp\/v2\/users\/1"}],"replies":[{"embeddable":true,"href":"http:\/\/priory.com.br\/drlucas\/wp-json\/wp\/v2\/comments?post=516"}],"version-history":[{"count":28,"href":"http:\/\/priory.com.br\/drlucas\/wp-json\/wp\/v2\/pages\/516\/revisions"}],"predecessor-version":[{"id":962,"href":"http:\/\/priory.com.br\/drlucas\/wp-json\/wp\/v2\/pages\/516\/revisions\/962"}],"wp:attachment":[{"href":"http:\/\/priory.com.br\/drlucas\/wp-json\/wp\/v2\/media?parent=516"}],"curies":[{"name":"wp","href":"https:\/\/api.w.org\/{rel}","templated":true}]}}