{"id":559,"date":"2021-05-10T19:32:33","date_gmt":"2021-05-10T19:32:33","guid":{"rendered":"http:\/\/priory.com.br\/drlucas\/?page_id=559"},"modified":"2021-05-14T18:21:22","modified_gmt":"2021-05-14T18:21:22","slug":"blog","status":"publish","type":"page","link":"http:\/\/priory.com.br\/drlucas\/blog\/","title":{"rendered":"Blog"},"content":{"rendered":"\t\t<div data-elementor-type=\"wp-page\" data-elementor-id=\"559\" class=\"elementor elementor-559\" data-elementor-post-type=\"page\">\n\t\t\t\t\t\t<section class=\"elementor-section elementor-top-section elementor-element elementor-element-1691e08 elementor-section-boxed elementor-section-height-default elementor-section-height-default\" data-id=\"1691e08\" data-element_type=\"section\" data-e-type=\"section\">\n\t\t\t\t\t\t<div class=\"elementor-container elementor-column-gap-default\">\n\t\t\t\t\t<div class=\"elementor-column elementor-col-100 elementor-top-column elementor-element elementor-element-dcc1fc2\" data-id=\"dcc1fc2\" data-element_type=\"column\" data-e-type=\"column\">\n\t\t\t<div class=\"elementor-widget-wrap elementor-element-populated\">\n\t\t\t\t\t\t<div class=\"elementor-element elementor-element-edd51bd elementor-widget elementor-widget-heading\" data-id=\"edd51bd\" data-element_type=\"widget\" data-e-type=\"widget\" data-widget_type=\"heading.default\">\n\t\t\t\t<div class=\"elementor-widget-container\">\n\t\t\t\t\t<h2 class=\"elementor-heading-title elementor-size-default\">BLOG<\/h2>\t\t\t\t<\/div>\n\t\t\t\t<\/div>\n\t\t\t\t<div class=\"elementor-element elementor-element-e60113a elementor-widget-divider--view-line elementor-widget elementor-widget-divider\" data-id=\"e60113a\" data-element_type=\"widget\" data-e-type=\"widget\" data-widget_type=\"divider.default\">\n\t\t\t\t<div class=\"elementor-widget-container\">\n\t\t\t\t\t\t\t<div class=\"elementor-divider\">\n\t\t\t<span class=\"elementor-divider-separator\">\n\t\t\t\t\t\t<\/span>\n\t\t<\/div>\n\t\t\t\t\t\t<\/div>\n\t\t\t\t<\/div>\n\t\t\t\t<div class=\"elementor-element elementor-element-cdd89fb elementor-grid-3 elementor-grid-tablet-2 elementor-grid-mobile-1 elementor-posts--thumbnail-top elementor-posts--show-avatar elementor-card-shadow-yes elementor-posts__hover-gradient elementor-widget elementor-widget-posts\" data-id=\"cdd89fb\" data-element_type=\"widget\" data-e-type=\"widget\" data-settings=\"{&quot;pagination_type&quot;:&quot;numbers_and_prev_next&quot;,&quot;cards_columns&quot;:&quot;3&quot;,&quot;cards_columns_tablet&quot;:&quot;2&quot;,&quot;cards_columns_mobile&quot;:&quot;1&quot;,&quot;cards_row_gap&quot;:{&quot;unit&quot;:&quot;px&quot;,&quot;size&quot;:35,&quot;sizes&quot;:[]},&quot;cards_row_gap_tablet&quot;:{&quot;unit&quot;:&quot;px&quot;,&quot;size&quot;:&quot;&quot;,&quot;sizes&quot;:[]},&quot;cards_row_gap_mobile&quot;:{&quot;unit&quot;:&quot;px&quot;,&quot;size&quot;:&quot;&quot;,&quot;sizes&quot;:[]}}\" data-widget_type=\"posts.cards\">\n\t\t\t\t<div class=\"elementor-widget-container\">\n\t\t\t\t\t\t\t<div class=\"elementor-posts-container elementor-posts elementor-posts--skin-cards elementor-grid\">\n\t\t\t\t<article class=\"elementor-post elementor-grid-item post-886 post type-post status-publish format-standard has-post-thumbnail hentry category-rejuvenescimento-facial\">\n\t\t\t<div class=\"elementor-post__card\">\n\t\t\t\t<a class=\"elementor-post__thumbnail__link\" href=\"http:\/\/priory.com.br\/drlucas\/rejuvenescimento-facial\/\" tabindex=\"-1\" ><div class=\"elementor-post__thumbnail\"><img fetchpriority=\"high\" decoding=\"async\" width=\"300\" height=\"200\" src=\"http:\/\/priory.com.br\/drlucas\/wp-content\/uploads\/2021\/05\/rejuvenescimento-facial-300x200.jpg\" class=\"attachment-medium size-medium wp-image-887\" alt=\"\" srcset=\"http:\/\/priory.com.br\/drlucas\/wp-content\/uploads\/2021\/05\/rejuvenescimento-facial-300x200.jpg 300w, http:\/\/priory.com.br\/drlucas\/wp-content\/uploads\/2021\/05\/rejuvenescimento-facial-1024x683.jpg 1024w, http:\/\/priory.com.br\/drlucas\/wp-content\/uploads\/2021\/05\/rejuvenescimento-facial-768x512.jpg 768w, http:\/\/priory.com.br\/drlucas\/wp-content\/uploads\/2021\/05\/rejuvenescimento-facial-1200x800.jpg 1200w, http:\/\/priory.com.br\/drlucas\/wp-content\/uploads\/2021\/05\/rejuvenescimento-facial.jpg 1500w\" sizes=\"(max-width: 300px) 100vw, 300px\" \/><\/div><\/a>\n\t\t\t\t<div class=\"elementor-post__badge\">Rejuvenescimento facial<\/div>\n\t\t\t\t<div class=\"elementor-post__avatar\">\n\t\t\t<img alt='admin' src='https:\/\/secure.gravatar.com\/avatar\/c8508429bd213e4db1f0e864ebd3f79c5f2244a5a80907baddc10ef15dad7c0e?s=128&#038;d=mm&#038;r=g' srcset='https:\/\/secure.gravatar.com\/avatar\/c8508429bd213e4db1f0e864ebd3f79c5f2244a5a80907baddc10ef15dad7c0e?s=256&#038;d=mm&#038;r=g 2x' class='avatar avatar-128 photo' height='128' width='128' \/>\t\t<\/div>\n\t\t\t\t<div class=\"elementor-post__text\">\n\t\t\t\t<h3 class=\"elementor-post__title\">\n\t\t\t<a href=\"http:\/\/priory.com.br\/drlucas\/rejuvenescimento-facial\/\" >\n\t\t\t\tRejuvenescimento Facial: o que \u00e9 importante saber!\t\t\t<\/a>\n\t\t<\/h3>\n\t\t\t\t<div class=\"elementor-post__excerpt\">\n\t\t\t<p>Est\u00e9tica \u00e9 a aprecia\u00e7\u00e3o da beleza, ou a combina\u00e7\u00e3o de qualidades que proporcionam intenso prazer aos sentidos, principalmente diante da visualiza\u00e7\u00e3o de um objeto, um<\/p>\n\t\t<\/div>\n\t\t\n\t\t<a class=\"elementor-post__read-more\" href=\"http:\/\/priory.com.br\/drlucas\/rejuvenescimento-facial\/\" aria-label=\"Read more about Rejuvenescimento Facial: o que \u00e9 importante saber!\" tabindex=\"-1\" >\n\t\t\tLeia mais \u00bb\t\t<\/a>\n\n\t\t\t\t<\/div>\n\t\t\t\t<div class=\"elementor-post__meta-data\">\n\t\t\t\t\t<span class=\"elementor-post-date\">\n\t\t\tmaio 14, 2021\t\t<\/span>\n\t\t\t\t<\/div>\n\t\t\t\t\t<\/div>\n\t\t<\/article>\n\t\t\t\t<article class=\"elementor-post elementor-grid-item post-191 post type-post status-publish format-standard has-post-thumbnail hentry category-harmonizacao-facial\">\n\t\t\t<div class=\"elementor-post__card\">\n\t\t\t\t<a class=\"elementor-post__thumbnail__link\" href=\"http:\/\/priory.com.br\/drlucas\/harmonizacao-facial\/\" tabindex=\"-1\" ><div class=\"elementor-post__thumbnail\"><img decoding=\"async\" width=\"300\" height=\"138\" src=\"http:\/\/priory.com.br\/drlucas\/wp-content\/uploads\/2021\/05\/harmonizacao-facial-300x138.png\" class=\"attachment-medium size-medium wp-image-655\" alt=\"harmonizacao facial\" srcset=\"http:\/\/priory.com.br\/drlucas\/wp-content\/uploads\/2021\/05\/harmonizacao-facial-300x138.png 300w, http:\/\/priory.com.br\/drlucas\/wp-content\/uploads\/2021\/05\/harmonizacao-facial-1024x470.png 1024w, http:\/\/priory.com.br\/drlucas\/wp-content\/uploads\/2021\/05\/harmonizacao-facial-768x352.png 768w, http:\/\/priory.com.br\/drlucas\/wp-content\/uploads\/2021\/05\/harmonizacao-facial.png 1149w\" sizes=\"(max-width: 300px) 100vw, 300px\" \/><\/div><\/a>\n\t\t\t\t<div class=\"elementor-post__badge\">Harmoniza\u00e7\u00e3o facial<\/div>\n\t\t\t\t<div class=\"elementor-post__avatar\">\n\t\t\t<img alt='admin' src='https:\/\/secure.gravatar.com\/avatar\/c8508429bd213e4db1f0e864ebd3f79c5f2244a5a80907baddc10ef15dad7c0e?s=128&#038;d=mm&#038;r=g' srcset='https:\/\/secure.gravatar.com\/avatar\/c8508429bd213e4db1f0e864ebd3f79c5f2244a5a80907baddc10ef15dad7c0e?s=256&#038;d=mm&#038;r=g 2x' class='avatar avatar-128 photo' height='128' width='128' \/>\t\t<\/div>\n\t\t\t\t<div class=\"elementor-post__text\">\n\t\t\t\t<h3 class=\"elementor-post__title\">\n\t\t\t<a href=\"http:\/\/priory.com.br\/drlucas\/harmonizacao-facial\/\" >\n\t\t\t\tTudo o que voc\u00ea precisa saber antes de  fazer harmoniza\u00e7\u00e3o facial\t\t\t<\/a>\n\t\t<\/h3>\n\t\t\t\t<div class=\"elementor-post__excerpt\">\n\t\t\t<p>Se voc\u00ea est\u00e1 de olho nas tend\u00eancias do mundo da beleza e est\u00e9tica, provavelmente j\u00e1 deve ter ouvido falar sobre harmoniza\u00e7\u00e3o facial. Esse tratamento est\u00e9tico<\/p>\n\t\t<\/div>\n\t\t\n\t\t<a class=\"elementor-post__read-more\" href=\"http:\/\/priory.com.br\/drlucas\/harmonizacao-facial\/\" aria-label=\"Read more about Tudo o que voc\u00ea precisa saber antes de  fazer harmoniza\u00e7\u00e3o facial\" tabindex=\"-1\" >\n\t\t\tLeia mais \u00bb\t\t<\/a>\n\n\t\t\t\t<\/div>\n\t\t\t\t<div class=\"elementor-post__meta-data\">\n\t\t\t\t\t<span class=\"elementor-post-date\">\n\t\t\tmaio 7, 2021\t\t<\/span>\n\t\t\t\t<\/div>\n\t\t\t\t\t<\/div>\n\t\t<\/article>\n\t\t\t\t<\/div>\n\t\t\n\t\t\t\t\t\t<\/div>\n\t\t\t\t<\/div>\n\t\t\t\t\t<\/div>\n\t\t<\/div>\n\t\t\t\t\t<\/div>\n\t\t<\/section>\n\t\t\t\t<\/div>\n\t\t","protected":false},"excerpt":{"rendered":"<p>BLOG<\/p>\n","protected":false},"author":1,"featured_media":0,"parent":0,"menu_order":0,"comment_status":"closed","ping_status":"closed","template":"elementor_header_footer","meta":{"footnotes":""},"class_list":["post-559","page","type-page","status-publish","hentry"],"yoast_head":"<!-- This site is optimized with the Yoast SEO plugin v27.3 - https:\/\/yoast.com\/product\/yoast-seo-wordpress\/ -->\n<title>Blog - Dr Lucas Favero<\/title>\n<meta name=\"robots\" content=\"index, follow, max-snippet:-1, max-image-preview:large, max-video-preview:-1\" \/>\n<link rel=\"canonical\" href=\"http:\/\/priory.com.br\/drlucas\/blog\/\" \/>\n<meta property=\"og:locale\" content=\"pt_BR\" \/>\n<meta property=\"og:type\" content=\"article\" \/>\n<meta property=\"og:title\" content=\"Blog - Dr Lucas Favero\" \/>\n<meta property=\"og:description\" content=\"BLOG\" \/>\n<meta property=\"og:url\" content=\"http:\/\/priory.com.br\/drlucas\/blog\/\" \/>\n<meta property=\"og:site_name\" content=\"Dr Lucas Favero\" \/>\n<meta property=\"article:modified_time\" content=\"2021-05-14T18:21:22+00:00\" \/>\n<meta name=\"twitter:card\" content=\"summary_large_image\" \/>\n<meta name=\"twitter:label1\" content=\"Est. tempo de leitura\" \/>\n\t<meta name=\"twitter:data1\" content=\"2 minutos\" \/>\n<script type=\"application\/ld+json\" class=\"yoast-schema-graph\">{\"@context\":\"https:\\\/\\\/schema.org\",\"@graph\":[{\"@type\":\"WebPage\",\"@id\":\"http:\\\/\\\/priory.com.br\\\/drlucas\\\/blog\\\/\",\"url\":\"http:\\\/\\\/priory.com.br\\\/drlucas\\\/blog\\\/\",\"name\":\"Blog - Dr Lucas Favero\",\"isPartOf\":{\"@id\":\"https:\\\/\\\/priory.com.br\\\/drlucas\\\/#website\"},\"datePublished\":\"2021-05-10T19:32:33+00:00\",\"dateModified\":\"2021-05-14T18:21:22+00:00\",\"breadcrumb\":{\"@id\":\"http:\\\/\\\/priory.com.br\\\/drlucas\\\/blog\\\/#breadcrumb\"},\"inLanguage\":\"pt-BR\",\"potentialAction\":[{\"@type\":\"ReadAction\",\"target\":[\"http:\\\/\\\/priory.com.br\\\/drlucas\\\/blog\\\/\"]}]},{\"@type\":\"BreadcrumbList\",\"@id\":\"http:\\\/\\\/priory.com.br\\\/drlucas\\\/blog\\\/#breadcrumb\",\"itemListElement\":[{\"@type\":\"ListItem\",\"position\":1,\"name\":\"In\u00edcio\",\"item\":\"https:\\\/\\\/priory.com.br\\\/drlucas\\\/\"},{\"@type\":\"ListItem\",\"position\":2,\"name\":\"Blog\"}]},{\"@type\":\"WebSite\",\"@id\":\"https:\\\/\\\/priory.com.br\\\/drlucas\\\/#website\",\"url\":\"https:\\\/\\\/priory.com.br\\\/drlucas\\\/\",\"name\":\"Dr Lucas Favero\",\"description\":\"Est\u00e9tica Facial\",\"potentialAction\":[{\"@type\":\"SearchAction\",\"target\":{\"@type\":\"EntryPoint\",\"urlTemplate\":\"https:\\\/\\\/priory.com.br\\\/drlucas\\\/?s={search_term_string}\"},\"query-input\":{\"@type\":\"PropertyValueSpecification\",\"valueRequired\":true,\"valueName\":\"search_term_string\"}}],\"inLanguage\":\"pt-BR\"}]}<\/script>\n<!-- \/ Yoast SEO plugin. -->","yoast_head_json":{"title":"Blog - Dr Lucas Favero","robots":{"index":"index","follow":"follow","max-snippet":"max-snippet:-1","max-image-preview":"max-image-preview:large","max-video-preview":"max-video-preview:-1"},"canonical":"http:\/\/priory.com.br\/drlucas\/blog\/","og_locale":"pt_BR","og_type":"article","og_title":"Blog - Dr Lucas Favero","og_description":"BLOG","og_url":"http:\/\/priory.com.br\/drlucas\/blog\/","og_site_name":"Dr Lucas Favero","article_modified_time":"2021-05-14T18:21:22+00:00","twitter_card":"summary_large_image","twitter_misc":{"Est. tempo de leitura":"2 minutos"},"schema":{"@context":"https:\/\/schema.org","@graph":[{"@type":"WebPage","@id":"http:\/\/priory.com.br\/drlucas\/blog\/","url":"http:\/\/priory.com.br\/drlucas\/blog\/","name":"Blog - Dr Lucas Favero","isPartOf":{"@id":"https:\/\/priory.com.br\/drlucas\/#website"},"datePublished":"2021-05-10T19:32:33+00:00","dateModified":"2021-05-14T18:21:22+00:00","breadcrumb":{"@id":"http:\/\/priory.com.br\/drlucas\/blog\/#breadcrumb"},"inLanguage":"pt-BR","potentialAction":[{"@type":"ReadAction","target":["http:\/\/priory.com.br\/drlucas\/blog\/"]}]},{"@type":"BreadcrumbList","@id":"http:\/\/priory.com.br\/drlucas\/blog\/#breadcrumb","itemListElement":[{"@type":"ListItem","position":1,"name":"In\u00edcio","item":"https:\/\/priory.com.br\/drlucas\/"},{"@type":"ListItem","position":2,"name":"Blog"}]},{"@type":"WebSite","@id":"https:\/\/priory.com.br\/drlucas\/#website","url":"https:\/\/priory.com.br\/drlucas\/","name":"Dr Lucas Favero","description":"Est\u00e9tica Facial","potentialAction":[{"@type":"SearchAction","target":{"@type":"EntryPoint","urlTemplate":"https:\/\/priory.com.br\/drlucas\/?s={search_term_string}"},"query-input":{"@type":"PropertyValueSpecification","valueRequired":true,"valueName":"search_term_string"}}],"inLanguage":"pt-BR"}]}},"_links":{"self":[{"href":"http:\/\/priory.com.br\/drlucas\/wp-json\/wp\/v2\/pages\/559","targetHints":{"allow":["GET"]}}],"collection":[{"href":"http:\/\/priory.com.br\/drlucas\/wp-json\/wp\/v2\/pages"}],"about":[{"href":"http:\/\/priory.com.br\/drlucas\/wp-json\/wp\/v2\/types\/page"}],"author":[{"embeddable":true,"href":"http:\/\/priory.com.br\/drlucas\/wp-json\/wp\/v2\/users\/1"}],"replies":[{"embeddable":true,"href":"http:\/\/priory.com.br\/drlucas\/wp-json\/wp\/v2\/comments?post=559"}],"version-history":[{"count":13,"href":"http:\/\/priory.com.br\/drlucas\/wp-json\/wp\/v2\/pages\/559\/revisions"}],"predecessor-version":[{"id":895,"href":"http:\/\/priory.com.br\/drlucas\/wp-json\/wp\/v2\/pages\/559\/revisions\/895"}],"wp:attachment":[{"href":"http:\/\/priory.com.br\/drlucas\/wp-json\/wp\/v2\/media?parent=559"}],"curies":[{"name":"wp","href":"https:\/\/api.w.org\/{rel}","templated":true}]}}