{"id":685,"date":"2021-05-11T23:23:43","date_gmt":"2021-05-11T23:23:43","guid":{"rendered":"http:\/\/priory.com.br\/drlucas\/?page_id=685"},"modified":"2021-06-16T20:11:49","modified_gmt":"2021-06-16T20:11:49","slug":"lifting-fios-pdo","status":"publish","type":"page","link":"http:\/\/priory.com.br\/drlucas\/lifting-fios-pdo\/","title":{"rendered":"LIFTING COM FIOS  DE PDO"},"content":{"rendered":"\t\t<div data-elementor-type=\"wp-page\" data-elementor-id=\"685\" class=\"elementor elementor-685\" data-elementor-post-type=\"page\">\n\t\t\t\t\t\t<section class=\"elementor-section elementor-top-section elementor-element elementor-element-0607005 elementor-section-full_width elementor-section-height-default elementor-section-height-default\" data-id=\"0607005\" data-element_type=\"section\" data-e-type=\"section\" data-settings=\"{&quot;background_background&quot;:&quot;classic&quot;}\">\n\t\t\t\t\t\t<div class=\"elementor-container elementor-column-gap-default\">\n\t\t\t\t\t<div class=\"elementor-column elementor-col-50 elementor-top-column elementor-element elementor-element-a365cb1\" data-id=\"a365cb1\" data-element_type=\"column\" data-e-type=\"column\">\n\t\t\t<div class=\"elementor-widget-wrap elementor-element-populated\">\n\t\t\t\t\t\t<div class=\"elementor-element elementor-element-89cfa78 elementor-widget elementor-widget-heading\" data-id=\"89cfa78\" data-element_type=\"widget\" data-e-type=\"widget\" data-widget_type=\"heading.default\">\n\t\t\t\t<div class=\"elementor-widget-container\">\n\t\t\t\t\t<h4 class=\"elementor-heading-title elementor-size-default\">LIFTING COM <\/BR>FIOS DE PDO<\/h4>\t\t\t\t<\/div>\n\t\t\t\t<\/div>\n\t\t\t\t\t<\/div>\n\t\t<\/div>\n\t\t\t\t<div class=\"elementor-column elementor-col-50 elementor-top-column elementor-element elementor-element-589de1a\" data-id=\"589de1a\" data-element_type=\"column\" data-e-type=\"column\" data-settings=\"{&quot;background_background&quot;:&quot;classic&quot;}\">\n\t\t\t<div class=\"elementor-widget-wrap elementor-element-populated\">\n\t\t\t\t\t\t<div class=\"elementor-element elementor-element-40392b4 elementor-widget elementor-widget-spacer\" data-id=\"40392b4\" data-element_type=\"widget\" data-e-type=\"widget\" data-widget_type=\"spacer.default\">\n\t\t\t\t<div class=\"elementor-widget-container\">\n\t\t\t\t\t\t\t<div class=\"elementor-spacer\">\n\t\t\t<div class=\"elementor-spacer-inner\"><\/div>\n\t\t<\/div>\n\t\t\t\t\t\t<\/div>\n\t\t\t\t<\/div>\n\t\t\t\t\t<\/div>\n\t\t<\/div>\n\t\t\t\t\t<\/div>\n\t\t<\/section>\n\t\t\t\t<section class=\"elementor-section elementor-top-section elementor-element elementor-element-73d64d6 elementor-section-boxed elementor-section-height-default elementor-section-height-default\" data-id=\"73d64d6\" data-element_type=\"section\" data-e-type=\"section\">\n\t\t\t\t\t\t<div class=\"elementor-container elementor-column-gap-default\">\n\t\t\t\t\t<div class=\"elementor-column elementor-col-100 elementor-top-column elementor-element elementor-element-45f6855\" data-id=\"45f6855\" data-element_type=\"column\" data-e-type=\"column\">\n\t\t\t<div class=\"elementor-widget-wrap elementor-element-populated\">\n\t\t\t\t\t\t<div class=\"elementor-element elementor-element-26e905f elementor-widget elementor-widget-heading\" data-id=\"26e905f\" data-element_type=\"widget\" data-e-type=\"widget\" data-widget_type=\"heading.default\">\n\t\t\t\t<div class=\"elementor-widget-container\">\n\t\t\t\t\t<h2 class=\"elementor-heading-title elementor-size-default\">O que \u00e9?<\/h2>\t\t\t\t<\/div>\n\t\t\t\t<\/div>\n\t\t\t\t<div class=\"elementor-element elementor-element-9d9cb15 elementor-widget-divider--view-line elementor-widget elementor-widget-divider\" data-id=\"9d9cb15\" data-element_type=\"widget\" data-e-type=\"widget\" data-widget_type=\"divider.default\">\n\t\t\t\t<div class=\"elementor-widget-container\">\n\t\t\t\t\t\t\t<div class=\"elementor-divider\">\n\t\t\t<span class=\"elementor-divider-separator\">\n\t\t\t\t\t\t<\/span>\n\t\t<\/div>\n\t\t\t\t\t\t<\/div>\n\t\t\t\t<\/div>\n\t\t\t\t<div class=\"elementor-element elementor-element-cf7860b elementor-widget elementor-widget-text-editor\" data-id=\"cf7860b\" data-element_type=\"widget\" data-e-type=\"widget\" data-widget_type=\"text-editor.default\">\n\t\t\t\t<div class=\"elementor-widget-container\">\n\t\t\t\t\t\t\t\t\t<p>Os fios de sustenta\u00e7\u00e3o facial s\u00e3o um novo m\u00e9todo de suspens\u00e3o dos tecidos da face. Usados principalmente em procedimentos de harmoniza\u00e7\u00e3o facial, s\u00e3o materiais compostos de polidioxanona (PDO), 100% absorv\u00edveis, que al\u00e9m de promover o lifting, atuam estimulando a produ\u00e7\u00e3o de col\u00e1geno por meio de seu processo cicatricial por \u00e1cido, garras e cones absorv\u00edveis, que buscam estimular, gradual e naturalmente, a regenera\u00e7\u00e3o do col\u00e1geno na derme, promovendo um efeito lifting e rejuvenescedor da pele, reposicionando tecidos, suavizando rugas, marcas e definindo contornos faciais.<\/p>\t\t\t\t\t\t\t\t<\/div>\n\t\t\t\t<\/div>\n\t\t\t\t<div class=\"elementor-element elementor-element-f21e4cc elementor-widget elementor-widget-heading\" data-id=\"f21e4cc\" data-element_type=\"widget\" data-e-type=\"widget\" data-widget_type=\"heading.default\">\n\t\t\t\t<div class=\"elementor-widget-container\">\n\t\t\t\t\t<h2 class=\"elementor-heading-title elementor-size-default\">Como \u00e9 feito?<\/h2>\t\t\t\t<\/div>\n\t\t\t\t<\/div>\n\t\t\t\t<div class=\"elementor-element elementor-element-c635e32 elementor-widget-divider--view-line elementor-widget elementor-widget-divider\" data-id=\"c635e32\" data-element_type=\"widget\" data-e-type=\"widget\" data-widget_type=\"divider.default\">\n\t\t\t\t<div class=\"elementor-widget-container\">\n\t\t\t\t\t\t\t<div class=\"elementor-divider\">\n\t\t\t<span class=\"elementor-divider-separator\">\n\t\t\t\t\t\t<\/span>\n\t\t<\/div>\n\t\t\t\t\t\t<\/div>\n\t\t\t\t<\/div>\n\t\t\t\t<div class=\"elementor-element elementor-element-7fa2b7d elementor-widget elementor-widget-text-editor\" data-id=\"7fa2b7d\" data-element_type=\"widget\" data-e-type=\"widget\" data-widget_type=\"text-editor.default\">\n\t\t\t\t<div class=\"elementor-widget-container\">\n\t\t\t\t\t\t\t\t\t<p>A partir de uma an\u00e1lise do paciente, e caso indicado o uso de fios de PDO, o tratamento inicia por meio de anestesia local. Logo ap\u00f3s a aplica\u00e7\u00e3o dos fios \u00e9 poss\u00edvel visualizar o efeito lifting, o qual melhora ap\u00f3s o processo de recupera\u00e7\u00e3o.<\/p>\t\t\t\t\t\t\t\t<\/div>\n\t\t\t\t<\/div>\n\t\t\t\t<div class=\"elementor-element elementor-element-22d854e elementor-widget elementor-widget-heading\" data-id=\"22d854e\" data-element_type=\"widget\" data-e-type=\"widget\" data-widget_type=\"heading.default\">\n\t\t\t\t<div class=\"elementor-widget-container\">\n\t\t\t\t\t<h2 class=\"elementor-heading-title elementor-size-default\">Para quem \u00e9 indicado?<\/h2>\t\t\t\t<\/div>\n\t\t\t\t<\/div>\n\t\t\t\t<div class=\"elementor-element elementor-element-8f4240b elementor-widget-divider--view-line elementor-widget elementor-widget-divider\" data-id=\"8f4240b\" data-element_type=\"widget\" data-e-type=\"widget\" data-widget_type=\"divider.default\">\n\t\t\t\t<div class=\"elementor-widget-container\">\n\t\t\t\t\t\t\t<div class=\"elementor-divider\">\n\t\t\t<span class=\"elementor-divider-separator\">\n\t\t\t\t\t\t<\/span>\n\t\t<\/div>\n\t\t\t\t\t\t<\/div>\n\t\t\t\t<\/div>\n\t\t\t\t<div class=\"elementor-element elementor-element-a2067de elementor-widget elementor-widget-text-editor\" data-id=\"a2067de\" data-element_type=\"widget\" data-e-type=\"widget\" data-widget_type=\"text-editor.default\">\n\t\t\t\t<div class=\"elementor-widget-container\">\n\t\t\t\t\t\t\t\t\t<p>\u00c9 indicado para homens e mulheres que desejam acabar com a flacidez ou promover um efeito lifting, podendo ainda ser combinado com outras t\u00e9cnicas est\u00e9ticas.<\/p>\t\t\t\t\t\t\t\t<\/div>\n\t\t\t\t<\/div>\n\t\t\t\t\t<\/div>\n\t\t<\/div>\n\t\t\t\t\t<\/div>\n\t\t<\/section>\n\t\t\t\t<section class=\"elementor-section elementor-top-section elementor-element elementor-element-a131f52 elementor-section-boxed elementor-section-height-default elementor-section-height-default\" data-id=\"a131f52\" data-element_type=\"section\" data-e-type=\"section\" data-settings=\"{&quot;background_background&quot;:&quot;classic&quot;}\">\n\t\t\t\t\t\t<div class=\"elementor-container elementor-column-gap-default\">\n\t\t\t\t\t<div class=\"elementor-column elementor-col-100 elementor-top-column elementor-element elementor-element-f136b69\" data-id=\"f136b69\" data-element_type=\"column\" data-e-type=\"column\">\n\t\t\t<div class=\"elementor-widget-wrap elementor-element-populated\">\n\t\t\t\t\t\t<div class=\"elementor-element elementor-element-d33c611 elementor-widget elementor-widget-heading\" data-id=\"d33c611\" data-element_type=\"widget\" data-e-type=\"widget\" data-widget_type=\"heading.default\">\n\t\t\t\t<div class=\"elementor-widget-container\">\n\t\t\t\t\t<h2 class=\"elementor-heading-title elementor-size-default\">Benef\u00edcios<\/h2>\t\t\t\t<\/div>\n\t\t\t\t<\/div>\n\t\t\t\t<div class=\"elementor-element elementor-element-bd96345 elementor-widget-divider--view-line elementor-widget elementor-widget-divider\" data-id=\"bd96345\" data-element_type=\"widget\" data-e-type=\"widget\" data-widget_type=\"divider.default\">\n\t\t\t\t<div class=\"elementor-widget-container\">\n\t\t\t\t\t\t\t<div class=\"elementor-divider\">\n\t\t\t<span class=\"elementor-divider-separator\">\n\t\t\t\t\t\t<\/span>\n\t\t<\/div>\n\t\t\t\t\t\t<\/div>\n\t\t\t\t<\/div>\n\t\t\t\t<div class=\"elementor-element elementor-element-91875f0 elementor-widget elementor-widget-text-editor\" data-id=\"91875f0\" data-element_type=\"widget\" data-e-type=\"widget\" data-widget_type=\"text-editor.default\">\n\t\t\t\t<div class=\"elementor-widget-container\">\n\t\t\t\t\t\t\t\t\t<p>. Realiza\u00e7\u00e3o de lifting n\u00e3o cir\u00fargico com est\u00edmulo de col\u00e1geno;<\/p><p>. Melhora no contorno do rosto (malar e mand\u00edbula) e nos sulcos faciais (bigode chin\u00eas, marionete e bulldog);<\/p><p>. Melhora na papada.<\/p>\t\t\t\t\t\t\t\t<\/div>\n\t\t\t\t<\/div>\n\t\t\t\t\t<\/div>\n\t\t<\/div>\n\t\t\t\t\t<\/div>\n\t\t<\/section>\n\t\t\t\t<section class=\"elementor-section elementor-top-section elementor-element elementor-element-00f9b3e elementor-section-boxed elementor-section-height-default elementor-section-height-default\" data-id=\"00f9b3e\" data-element_type=\"section\" data-e-type=\"section\">\n\t\t\t\t\t\t<div class=\"elementor-container elementor-column-gap-default\">\n\t\t\t\t\t<div class=\"elementor-column elementor-col-100 elementor-top-column elementor-element elementor-element-15468f0\" data-id=\"15468f0\" data-element_type=\"column\" data-e-type=\"column\">\n\t\t\t<div class=\"elementor-widget-wrap elementor-element-populated\">\n\t\t\t\t\t\t<div class=\"elementor-element elementor-element-6134aae elementor-widget elementor-widget-heading\" data-id=\"6134aae\" data-element_type=\"widget\" data-e-type=\"widget\" data-widget_type=\"heading.default\">\n\t\t\t\t<div class=\"elementor-widget-container\">\n\t\t\t\t\t<h2 class=\"elementor-heading-title elementor-size-default\">Quanto tempo dura?<\/h2>\t\t\t\t<\/div>\n\t\t\t\t<\/div>\n\t\t\t\t<div class=\"elementor-element elementor-element-b6b3198 elementor-widget-divider--view-line elementor-widget elementor-widget-divider\" data-id=\"b6b3198\" data-element_type=\"widget\" data-e-type=\"widget\" data-widget_type=\"divider.default\">\n\t\t\t\t<div class=\"elementor-widget-container\">\n\t\t\t\t\t\t\t<div class=\"elementor-divider\">\n\t\t\t<span class=\"elementor-divider-separator\">\n\t\t\t\t\t\t<\/span>\n\t\t<\/div>\n\t\t\t\t\t\t<\/div>\n\t\t\t\t<\/div>\n\t\t\t\t<div class=\"elementor-element elementor-element-1e44c19 elementor-widget elementor-widget-text-editor\" data-id=\"1e44c19\" data-element_type=\"widget\" data-e-type=\"widget\" data-widget_type=\"text-editor.default\">\n\t\t\t\t<div class=\"elementor-widget-container\">\n\t\t\t\t\t\t\t\t\t<p>Os resultados duram, em m\u00e9dia, 18 a 24 meses.<\/p>\t\t\t\t\t\t\t\t<\/div>\n\t\t\t\t<\/div>\n\t\t\t\t\t<\/div>\n\t\t<\/div>\n\t\t\t\t\t<\/div>\n\t\t<\/section>\n\t\t\t\t<\/div>\n\t\t","protected":false},"excerpt":{"rendered":"<p>LIFTING COM FIOS DE PDO O que \u00e9? Os fios de sustenta\u00e7\u00e3o facial s\u00e3o um novo m\u00e9todo de suspens\u00e3o dos tecidos da face. Usados principalmente em procedimentos de harmoniza\u00e7\u00e3o facial, s\u00e3o materiais compostos de polidioxanona (PDO), 100% absorv\u00edveis, que al\u00e9m de promover o lifting, atuam estimulando a produ\u00e7\u00e3o de col\u00e1geno por meio de seu processo [&hellip;]<\/p>\n","protected":false},"author":1,"featured_media":0,"parent":0,"menu_order":0,"comment_status":"closed","ping_status":"closed","template":"elementor_header_footer","meta":{"footnotes":""},"class_list":["post-685","page","type-page","status-publish","hentry"],"yoast_head":"<!-- This site is optimized with the Yoast SEO plugin v27.3 - https:\/\/yoast.com\/product\/yoast-seo-wordpress\/ -->\n<title>LIFTING COM FIOS DE PDO - Dr Lucas Favero<\/title>\n<meta name=\"robots\" content=\"index, follow, max-snippet:-1, max-image-preview:large, max-video-preview:-1\" \/>\n<link rel=\"canonical\" href=\"http:\/\/priory.com.br\/drlucas\/lifting-fios-pdo\/\" \/>\n<meta property=\"og:locale\" content=\"pt_BR\" \/>\n<meta property=\"og:type\" content=\"article\" \/>\n<meta property=\"og:title\" content=\"LIFTING COM FIOS DE PDO - Dr Lucas Favero\" \/>\n<meta property=\"og:description\" content=\"LIFTING COM FIOS DE PDO O que \u00e9? Os fios de sustenta\u00e7\u00e3o facial s\u00e3o um novo m\u00e9todo de suspens\u00e3o dos tecidos da face. Usados principalmente em procedimentos de harmoniza\u00e7\u00e3o facial, s\u00e3o materiais compostos de polidioxanona (PDO), 100% absorv\u00edveis, que al\u00e9m de promover o lifting, atuam estimulando a produ\u00e7\u00e3o de col\u00e1geno por meio de seu processo [&hellip;]\" \/>\n<meta property=\"og:url\" content=\"http:\/\/priory.com.br\/drlucas\/lifting-fios-pdo\/\" \/>\n<meta property=\"og:site_name\" content=\"Dr Lucas Favero\" \/>\n<meta property=\"article:modified_time\" content=\"2021-06-16T20:11:49+00:00\" \/>\n<meta name=\"twitter:card\" content=\"summary_large_image\" \/>\n<meta name=\"twitter:label1\" content=\"Est. tempo de leitura\" \/>\n\t<meta name=\"twitter:data1\" content=\"1 minuto\" \/>\n<script type=\"application\/ld+json\" class=\"yoast-schema-graph\">{\"@context\":\"https:\\\/\\\/schema.org\",\"@graph\":[{\"@type\":\"WebPage\",\"@id\":\"http:\\\/\\\/priory.com.br\\\/drlucas\\\/lifting-fios-pdo\\\/\",\"url\":\"http:\\\/\\\/priory.com.br\\\/drlucas\\\/lifting-fios-pdo\\\/\",\"name\":\"LIFTING COM FIOS DE PDO - Dr Lucas Favero\",\"isPartOf\":{\"@id\":\"https:\\\/\\\/priory.com.br\\\/drlucas\\\/#website\"},\"datePublished\":\"2021-05-11T23:23:43+00:00\",\"dateModified\":\"2021-06-16T20:11:49+00:00\",\"breadcrumb\":{\"@id\":\"http:\\\/\\\/priory.com.br\\\/drlucas\\\/lifting-fios-pdo\\\/#breadcrumb\"},\"inLanguage\":\"pt-BR\",\"potentialAction\":[{\"@type\":\"ReadAction\",\"target\":[\"http:\\\/\\\/priory.com.br\\\/drlucas\\\/lifting-fios-pdo\\\/\"]}]},{\"@type\":\"BreadcrumbList\",\"@id\":\"http:\\\/\\\/priory.com.br\\\/drlucas\\\/lifting-fios-pdo\\\/#breadcrumb\",\"itemListElement\":[{\"@type\":\"ListItem\",\"position\":1,\"name\":\"In\u00edcio\",\"item\":\"https:\\\/\\\/priory.com.br\\\/drlucas\\\/\"},{\"@type\":\"ListItem\",\"position\":2,\"name\":\"LIFTING COM FIOS DE PDO\"}]},{\"@type\":\"WebSite\",\"@id\":\"https:\\\/\\\/priory.com.br\\\/drlucas\\\/#website\",\"url\":\"https:\\\/\\\/priory.com.br\\\/drlucas\\\/\",\"name\":\"Dr Lucas Favero\",\"description\":\"Est\u00e9tica Facial\",\"potentialAction\":[{\"@type\":\"SearchAction\",\"target\":{\"@type\":\"EntryPoint\",\"urlTemplate\":\"https:\\\/\\\/priory.com.br\\\/drlucas\\\/?s={search_term_string}\"},\"query-input\":{\"@type\":\"PropertyValueSpecification\",\"valueRequired\":true,\"valueName\":\"search_term_string\"}}],\"inLanguage\":\"pt-BR\"}]}<\/script>\n<!-- \/ Yoast SEO plugin. -->","yoast_head_json":{"title":"LIFTING COM FIOS DE PDO - Dr Lucas Favero","robots":{"index":"index","follow":"follow","max-snippet":"max-snippet:-1","max-image-preview":"max-image-preview:large","max-video-preview":"max-video-preview:-1"},"canonical":"http:\/\/priory.com.br\/drlucas\/lifting-fios-pdo\/","og_locale":"pt_BR","og_type":"article","og_title":"LIFTING COM FIOS DE PDO - Dr Lucas Favero","og_description":"LIFTING COM FIOS DE PDO O que \u00e9? Os fios de sustenta\u00e7\u00e3o facial s\u00e3o um novo m\u00e9todo de suspens\u00e3o dos tecidos da face. Usados principalmente em procedimentos de harmoniza\u00e7\u00e3o facial, s\u00e3o materiais compostos de polidioxanona (PDO), 100% absorv\u00edveis, que al\u00e9m de promover o lifting, atuam estimulando a produ\u00e7\u00e3o de col\u00e1geno por meio de seu processo [&hellip;]","og_url":"http:\/\/priory.com.br\/drlucas\/lifting-fios-pdo\/","og_site_name":"Dr Lucas Favero","article_modified_time":"2021-06-16T20:11:49+00:00","twitter_card":"summary_large_image","twitter_misc":{"Est. tempo de leitura":"1 minuto"},"schema":{"@context":"https:\/\/schema.org","@graph":[{"@type":"WebPage","@id":"http:\/\/priory.com.br\/drlucas\/lifting-fios-pdo\/","url":"http:\/\/priory.com.br\/drlucas\/lifting-fios-pdo\/","name":"LIFTING COM FIOS DE PDO - Dr Lucas Favero","isPartOf":{"@id":"https:\/\/priory.com.br\/drlucas\/#website"},"datePublished":"2021-05-11T23:23:43+00:00","dateModified":"2021-06-16T20:11:49+00:00","breadcrumb":{"@id":"http:\/\/priory.com.br\/drlucas\/lifting-fios-pdo\/#breadcrumb"},"inLanguage":"pt-BR","potentialAction":[{"@type":"ReadAction","target":["http:\/\/priory.com.br\/drlucas\/lifting-fios-pdo\/"]}]},{"@type":"BreadcrumbList","@id":"http:\/\/priory.com.br\/drlucas\/lifting-fios-pdo\/#breadcrumb","itemListElement":[{"@type":"ListItem","position":1,"name":"In\u00edcio","item":"https:\/\/priory.com.br\/drlucas\/"},{"@type":"ListItem","position":2,"name":"LIFTING COM FIOS DE PDO"}]},{"@type":"WebSite","@id":"https:\/\/priory.com.br\/drlucas\/#website","url":"https:\/\/priory.com.br\/drlucas\/","name":"Dr Lucas Favero","description":"Est\u00e9tica Facial","potentialAction":[{"@type":"SearchAction","target":{"@type":"EntryPoint","urlTemplate":"https:\/\/priory.com.br\/drlucas\/?s={search_term_string}"},"query-input":{"@type":"PropertyValueSpecification","valueRequired":true,"valueName":"search_term_string"}}],"inLanguage":"pt-BR"}]}},"_links":{"self":[{"href":"http:\/\/priory.com.br\/drlucas\/wp-json\/wp\/v2\/pages\/685","targetHints":{"allow":["GET"]}}],"collection":[{"href":"http:\/\/priory.com.br\/drlucas\/wp-json\/wp\/v2\/pages"}],"about":[{"href":"http:\/\/priory.com.br\/drlucas\/wp-json\/wp\/v2\/types\/page"}],"author":[{"embeddable":true,"href":"http:\/\/priory.com.br\/drlucas\/wp-json\/wp\/v2\/users\/1"}],"replies":[{"embeddable":true,"href":"http:\/\/priory.com.br\/drlucas\/wp-json\/wp\/v2\/comments?post=685"}],"version-history":[{"count":11,"href":"http:\/\/priory.com.br\/drlucas\/wp-json\/wp\/v2\/pages\/685\/revisions"}],"predecessor-version":[{"id":999,"href":"http:\/\/priory.com.br\/drlucas\/wp-json\/wp\/v2\/pages\/685\/revisions\/999"}],"wp:attachment":[{"href":"http:\/\/priory.com.br\/drlucas\/wp-json\/wp\/v2\/media?parent=685"}],"curies":[{"name":"wp","href":"https:\/\/api.w.org\/{rel}","templated":true}]}}