{"id":740,"date":"2021-05-12T14:37:35","date_gmt":"2021-05-12T14:37:35","guid":{"rendered":"http:\/\/priory.com.br\/drlucas\/?page_id=740"},"modified":"2021-06-16T20:14:06","modified_gmt":"2021-06-16T20:14:06","slug":"preenchimento-labiomentoniano-marionete","status":"publish","type":"page","link":"http:\/\/priory.com.br\/drlucas\/preenchimento-labiomentoniano-marionete\/","title":{"rendered":"PREENCHIMENTO  LABIOMENTONIANO"},"content":{"rendered":"\t\t<div data-elementor-type=\"wp-page\" data-elementor-id=\"740\" class=\"elementor elementor-740\" data-elementor-post-type=\"page\">\n\t\t\t\t\t\t<section class=\"elementor-section elementor-top-section elementor-element elementor-element-0607005 elementor-section-full_width elementor-section-height-default elementor-section-height-default\" data-id=\"0607005\" data-element_type=\"section\" data-e-type=\"section\" data-settings=\"{&quot;background_background&quot;:&quot;classic&quot;}\">\n\t\t\t\t\t\t<div class=\"elementor-container elementor-column-gap-default\">\n\t\t\t\t\t<div class=\"elementor-column elementor-col-50 elementor-top-column elementor-element elementor-element-a365cb1\" data-id=\"a365cb1\" data-element_type=\"column\" data-e-type=\"column\">\n\t\t\t<div class=\"elementor-widget-wrap elementor-element-populated\">\n\t\t\t\t\t\t<div class=\"elementor-element elementor-element-89cfa78 elementor-widget elementor-widget-heading\" data-id=\"89cfa78\" data-element_type=\"widget\" data-e-type=\"widget\" data-widget_type=\"heading.default\">\n\t\t\t\t<div class=\"elementor-widget-container\">\n\t\t\t\t\t<h4 class=\"elementor-heading-title elementor-size-default\">PREENCHIMENTO \nLABIOMENTONIANO\n(LINHAS DE MARIONETE)<\/h4>\t\t\t\t<\/div>\n\t\t\t\t<\/div>\n\t\t\t\t\t<\/div>\n\t\t<\/div>\n\t\t\t\t<div class=\"elementor-column elementor-col-50 elementor-top-column elementor-element elementor-element-589de1a\" data-id=\"589de1a\" data-element_type=\"column\" data-e-type=\"column\" data-settings=\"{&quot;background_background&quot;:&quot;classic&quot;}\">\n\t\t\t<div class=\"elementor-widget-wrap elementor-element-populated\">\n\t\t\t\t\t\t<div class=\"elementor-element elementor-element-40392b4 elementor-widget elementor-widget-spacer\" data-id=\"40392b4\" data-element_type=\"widget\" data-e-type=\"widget\" data-widget_type=\"spacer.default\">\n\t\t\t\t<div class=\"elementor-widget-container\">\n\t\t\t\t\t\t\t<div class=\"elementor-spacer\">\n\t\t\t<div class=\"elementor-spacer-inner\"><\/div>\n\t\t<\/div>\n\t\t\t\t\t\t<\/div>\n\t\t\t\t<\/div>\n\t\t\t\t\t<\/div>\n\t\t<\/div>\n\t\t\t\t\t<\/div>\n\t\t<\/section>\n\t\t\t\t<section class=\"elementor-section elementor-top-section elementor-element elementor-element-73d64d6 elementor-section-boxed elementor-section-height-default elementor-section-height-default\" data-id=\"73d64d6\" data-element_type=\"section\" data-e-type=\"section\">\n\t\t\t\t\t\t<div class=\"elementor-container elementor-column-gap-default\">\n\t\t\t\t\t<div class=\"elementor-column elementor-col-100 elementor-top-column elementor-element elementor-element-45f6855\" data-id=\"45f6855\" data-element_type=\"column\" data-e-type=\"column\">\n\t\t\t<div class=\"elementor-widget-wrap elementor-element-populated\">\n\t\t\t\t\t\t<div class=\"elementor-element elementor-element-26e905f elementor-widget elementor-widget-heading\" data-id=\"26e905f\" data-element_type=\"widget\" data-e-type=\"widget\" data-widget_type=\"heading.default\">\n\t\t\t\t<div class=\"elementor-widget-container\">\n\t\t\t\t\t<h2 class=\"elementor-heading-title elementor-size-default\">O que \u00e9?<\/h2>\t\t\t\t<\/div>\n\t\t\t\t<\/div>\n\t\t\t\t<div class=\"elementor-element elementor-element-9d9cb15 elementor-widget-divider--view-line elementor-widget elementor-widget-divider\" data-id=\"9d9cb15\" data-element_type=\"widget\" data-e-type=\"widget\" data-widget_type=\"divider.default\">\n\t\t\t\t<div class=\"elementor-widget-container\">\n\t\t\t\t\t\t\t<div class=\"elementor-divider\">\n\t\t\t<span class=\"elementor-divider-separator\">\n\t\t\t\t\t\t<\/span>\n\t\t<\/div>\n\t\t\t\t\t\t<\/div>\n\t\t\t\t<\/div>\n\t\t\t\t<div class=\"elementor-element elementor-element-cf7860b elementor-widget elementor-widget-text-editor\" data-id=\"cf7860b\" data-element_type=\"widget\" data-e-type=\"widget\" data-widget_type=\"text-editor.default\">\n\t\t\t\t<div class=\"elementor-widget-container\">\n\t\t\t\t\t\t\t\t\t<p>O preenchimento marionete, com \u00e1cido hialur\u00f4nico, tem por objetivo suavizar a pele de forma natural, preenchendo as linhas de express\u00e3o e mantendo a pele hidratada, firme e revitalizada. Esse procedimento \u00e9 indicado para as rugas que se estendem do canto da boca at\u00e9 o queixo. Vale ressaltar que, em quest\u00e3o do surgimento de flacidez na regi\u00e3o, s\u00e3o indicados tamb\u00e9m os bioestimuladores de col\u00e1geno.<\/p>\t\t\t\t\t\t\t\t<\/div>\n\t\t\t\t<\/div>\n\t\t\t\t<div class=\"elementor-element elementor-element-f21e4cc elementor-widget elementor-widget-heading\" data-id=\"f21e4cc\" data-element_type=\"widget\" data-e-type=\"widget\" data-widget_type=\"heading.default\">\n\t\t\t\t<div class=\"elementor-widget-container\">\n\t\t\t\t\t<h2 class=\"elementor-heading-title elementor-size-default\">Como \u00e9 feito?<\/h2>\t\t\t\t<\/div>\n\t\t\t\t<\/div>\n\t\t\t\t<div class=\"elementor-element elementor-element-c635e32 elementor-widget-divider--view-line elementor-widget elementor-widget-divider\" data-id=\"c635e32\" data-element_type=\"widget\" data-e-type=\"widget\" data-widget_type=\"divider.default\">\n\t\t\t\t<div class=\"elementor-widget-container\">\n\t\t\t\t\t\t\t<div class=\"elementor-divider\">\n\t\t\t<span class=\"elementor-divider-separator\">\n\t\t\t\t\t\t<\/span>\n\t\t<\/div>\n\t\t\t\t\t\t<\/div>\n\t\t\t\t<\/div>\n\t\t\t\t<div class=\"elementor-element elementor-element-7fa2b7d elementor-widget elementor-widget-text-editor\" data-id=\"7fa2b7d\" data-element_type=\"widget\" data-e-type=\"widget\" data-widget_type=\"text-editor.default\">\n\t\t\t\t<div class=\"elementor-widget-container\">\n\t\t\t\t\t\t\t\t\t<p>A partir de uma an\u00e1lise do perfil do paciente, o preenchimento marionete \u00e9 realizado sob anestesia local. Esse tratamento \u00e9 realizado com preenchimento de \u00e1cido hialur\u00f4nico e a aplica\u00e7\u00e3o dura em torno de 30 minutos.<\/p>\t\t\t\t\t\t\t\t<\/div>\n\t\t\t\t<\/div>\n\t\t\t\t<div class=\"elementor-element elementor-element-22d854e elementor-widget elementor-widget-heading\" data-id=\"22d854e\" data-element_type=\"widget\" data-e-type=\"widget\" data-widget_type=\"heading.default\">\n\t\t\t\t<div class=\"elementor-widget-container\">\n\t\t\t\t\t<h2 class=\"elementor-heading-title elementor-size-default\">Para quem \u00e9 indicado?<\/h2>\t\t\t\t<\/div>\n\t\t\t\t<\/div>\n\t\t\t\t<div class=\"elementor-element elementor-element-8f4240b elementor-widget-divider--view-line elementor-widget elementor-widget-divider\" data-id=\"8f4240b\" data-element_type=\"widget\" data-e-type=\"widget\" data-widget_type=\"divider.default\">\n\t\t\t\t<div class=\"elementor-widget-container\">\n\t\t\t\t\t\t\t<div class=\"elementor-divider\">\n\t\t\t<span class=\"elementor-divider-separator\">\n\t\t\t\t\t\t<\/span>\n\t\t<\/div>\n\t\t\t\t\t\t<\/div>\n\t\t\t\t<\/div>\n\t\t\t\t<div class=\"elementor-element elementor-element-a2067de elementor-widget elementor-widget-text-editor\" data-id=\"a2067de\" data-element_type=\"widget\" data-e-type=\"widget\" data-widget_type=\"text-editor.default\">\n\t\t\t\t<div class=\"elementor-widget-container\">\n\t\t\t\t\t\t\t\t\t<p>Indicado para homens e mulheres que desejam amenizar as rugas que se estendem desde os cantos da boca at\u00e9 o queixo.<\/p>\t\t\t\t\t\t\t\t<\/div>\n\t\t\t\t<\/div>\n\t\t\t\t\t<\/div>\n\t\t<\/div>\n\t\t\t\t\t<\/div>\n\t\t<\/section>\n\t\t\t\t<section class=\"elementor-section elementor-top-section elementor-element elementor-element-a131f52 elementor-section-boxed elementor-section-height-default elementor-section-height-default\" data-id=\"a131f52\" data-element_type=\"section\" data-e-type=\"section\" data-settings=\"{&quot;background_background&quot;:&quot;classic&quot;}\">\n\t\t\t\t\t\t<div class=\"elementor-container elementor-column-gap-default\">\n\t\t\t\t\t<div class=\"elementor-column elementor-col-100 elementor-top-column elementor-element elementor-element-f136b69\" data-id=\"f136b69\" data-element_type=\"column\" data-e-type=\"column\">\n\t\t\t<div class=\"elementor-widget-wrap elementor-element-populated\">\n\t\t\t\t\t\t<div class=\"elementor-element elementor-element-d33c611 elementor-widget elementor-widget-heading\" data-id=\"d33c611\" data-element_type=\"widget\" data-e-type=\"widget\" data-widget_type=\"heading.default\">\n\t\t\t\t<div class=\"elementor-widget-container\">\n\t\t\t\t\t<h2 class=\"elementor-heading-title elementor-size-default\">Benef\u00edcios<\/h2>\t\t\t\t<\/div>\n\t\t\t\t<\/div>\n\t\t\t\t<div class=\"elementor-element elementor-element-bd96345 elementor-widget-divider--view-line elementor-widget elementor-widget-divider\" data-id=\"bd96345\" data-element_type=\"widget\" data-e-type=\"widget\" data-widget_type=\"divider.default\">\n\t\t\t\t<div class=\"elementor-widget-container\">\n\t\t\t\t\t\t\t<div class=\"elementor-divider\">\n\t\t\t<span class=\"elementor-divider-separator\">\n\t\t\t\t\t\t<\/span>\n\t\t<\/div>\n\t\t\t\t\t\t<\/div>\n\t\t\t\t<\/div>\n\t\t\t\t<div class=\"elementor-element elementor-element-91875f0 elementor-widget elementor-widget-text-editor\" data-id=\"91875f0\" data-element_type=\"widget\" data-e-type=\"widget\" data-widget_type=\"text-editor.default\">\n\t\t\t\t<div class=\"elementor-widget-container\">\n\t\t\t\t\t\t\t\t\t<p>. Melhora na apar\u00eancia das linhas de marionete (canto da boca);<\/p><p>. Rejuvenescimento facial.<\/p>\t\t\t\t\t\t\t\t<\/div>\n\t\t\t\t<\/div>\n\t\t\t\t\t<\/div>\n\t\t<\/div>\n\t\t\t\t\t<\/div>\n\t\t<\/section>\n\t\t\t\t<section class=\"elementor-section elementor-top-section elementor-element elementor-element-00f9b3e elementor-section-boxed elementor-section-height-default elementor-section-height-default\" data-id=\"00f9b3e\" data-element_type=\"section\" data-e-type=\"section\">\n\t\t\t\t\t\t<div class=\"elementor-container elementor-column-gap-default\">\n\t\t\t\t\t<div class=\"elementor-column elementor-col-100 elementor-top-column elementor-element elementor-element-15468f0\" data-id=\"15468f0\" data-element_type=\"column\" data-e-type=\"column\">\n\t\t\t<div class=\"elementor-widget-wrap elementor-element-populated\">\n\t\t\t\t\t\t<div class=\"elementor-element elementor-element-6134aae elementor-widget elementor-widget-heading\" data-id=\"6134aae\" data-element_type=\"widget\" data-e-type=\"widget\" data-widget_type=\"heading.default\">\n\t\t\t\t<div class=\"elementor-widget-container\">\n\t\t\t\t\t<h2 class=\"elementor-heading-title elementor-size-default\">Quanto tempo dura?<\/h2>\t\t\t\t<\/div>\n\t\t\t\t<\/div>\n\t\t\t\t<div class=\"elementor-element elementor-element-b6b3198 elementor-widget-divider--view-line elementor-widget elementor-widget-divider\" data-id=\"b6b3198\" data-element_type=\"widget\" data-e-type=\"widget\" data-widget_type=\"divider.default\">\n\t\t\t\t<div class=\"elementor-widget-container\">\n\t\t\t\t\t\t\t<div class=\"elementor-divider\">\n\t\t\t<span class=\"elementor-divider-separator\">\n\t\t\t\t\t\t<\/span>\n\t\t<\/div>\n\t\t\t\t\t\t<\/div>\n\t\t\t\t<\/div>\n\t\t\t\t<div class=\"elementor-element elementor-element-1e44c19 elementor-widget elementor-widget-text-editor\" data-id=\"1e44c19\" data-element_type=\"widget\" data-e-type=\"widget\" data-widget_type=\"text-editor.default\">\n\t\t\t\t<div class=\"elementor-widget-container\">\n\t\t\t\t\t\t\t\t\t<p>Os resultados do preenchimento marionete duram, em m\u00e9dia, 8 meses a 2 anos.<\/p>\t\t\t\t\t\t\t\t<\/div>\n\t\t\t\t<\/div>\n\t\t\t\t\t<\/div>\n\t\t<\/div>\n\t\t\t\t\t<\/div>\n\t\t<\/section>\n\t\t\t\t<\/div>\n\t\t","protected":false},"excerpt":{"rendered":"<p>PREENCHIMENTO LABIOMENTONIANO (LINHAS DE MARIONETE) O que \u00e9? O preenchimento marionete, com \u00e1cido hialur\u00f4nico, tem por objetivo suavizar a pele de forma natural, preenchendo as linhas de express\u00e3o e mantendo a pele hidratada, firme e revitalizada. Esse procedimento \u00e9 indicado para as rugas que se estendem do canto da boca at\u00e9 o queixo. Vale ressaltar [&hellip;]<\/p>\n","protected":false},"author":1,"featured_media":0,"parent":0,"menu_order":0,"comment_status":"closed","ping_status":"closed","template":"elementor_header_footer","meta":{"footnotes":""},"class_list":["post-740","page","type-page","status-publish","hentry"],"yoast_head":"<!-- This site is optimized with the Yoast SEO plugin v27.3 - https:\/\/yoast.com\/product\/yoast-seo-wordpress\/ -->\n<title>PREENCHIMENTO LABIOMENTONIANO - Dr Lucas Favero<\/title>\n<meta name=\"robots\" content=\"index, follow, max-snippet:-1, max-image-preview:large, max-video-preview:-1\" \/>\n<link rel=\"canonical\" href=\"http:\/\/priory.com.br\/drlucas\/preenchimento-labiomentoniano-marionete\/\" \/>\n<meta property=\"og:locale\" content=\"pt_BR\" \/>\n<meta property=\"og:type\" content=\"article\" \/>\n<meta property=\"og:title\" content=\"PREENCHIMENTO LABIOMENTONIANO - Dr Lucas Favero\" \/>\n<meta property=\"og:description\" content=\"PREENCHIMENTO LABIOMENTONIANO (LINHAS DE MARIONETE) O que \u00e9? O preenchimento marionete, com \u00e1cido hialur\u00f4nico, tem por objetivo suavizar a pele de forma natural, preenchendo as linhas de express\u00e3o e mantendo a pele hidratada, firme e revitalizada. Esse procedimento \u00e9 indicado para as rugas que se estendem do canto da boca at\u00e9 o queixo. Vale ressaltar [&hellip;]\" \/>\n<meta property=\"og:url\" content=\"http:\/\/priory.com.br\/drlucas\/preenchimento-labiomentoniano-marionete\/\" \/>\n<meta property=\"og:site_name\" content=\"Dr Lucas Favero\" \/>\n<meta property=\"article:modified_time\" content=\"2021-06-16T20:14:06+00:00\" \/>\n<meta name=\"twitter:card\" content=\"summary_large_image\" \/>\n<meta name=\"twitter:label1\" content=\"Est. tempo de leitura\" \/>\n\t<meta name=\"twitter:data1\" content=\"1 minuto\" \/>\n<script type=\"application\/ld+json\" class=\"yoast-schema-graph\">{\"@context\":\"https:\\\/\\\/schema.org\",\"@graph\":[{\"@type\":\"WebPage\",\"@id\":\"http:\\\/\\\/priory.com.br\\\/drlucas\\\/preenchimento-labiomentoniano-marionete\\\/\",\"url\":\"http:\\\/\\\/priory.com.br\\\/drlucas\\\/preenchimento-labiomentoniano-marionete\\\/\",\"name\":\"PREENCHIMENTO LABIOMENTONIANO - Dr Lucas Favero\",\"isPartOf\":{\"@id\":\"https:\\\/\\\/priory.com.br\\\/drlucas\\\/#website\"},\"datePublished\":\"2021-05-12T14:37:35+00:00\",\"dateModified\":\"2021-06-16T20:14:06+00:00\",\"breadcrumb\":{\"@id\":\"http:\\\/\\\/priory.com.br\\\/drlucas\\\/preenchimento-labiomentoniano-marionete\\\/#breadcrumb\"},\"inLanguage\":\"pt-BR\",\"potentialAction\":[{\"@type\":\"ReadAction\",\"target\":[\"http:\\\/\\\/priory.com.br\\\/drlucas\\\/preenchimento-labiomentoniano-marionete\\\/\"]}]},{\"@type\":\"BreadcrumbList\",\"@id\":\"http:\\\/\\\/priory.com.br\\\/drlucas\\\/preenchimento-labiomentoniano-marionete\\\/#breadcrumb\",\"itemListElement\":[{\"@type\":\"ListItem\",\"position\":1,\"name\":\"In\u00edcio\",\"item\":\"https:\\\/\\\/priory.com.br\\\/drlucas\\\/\"},{\"@type\":\"ListItem\",\"position\":2,\"name\":\"PREENCHIMENTO LABIOMENTONIANO\"}]},{\"@type\":\"WebSite\",\"@id\":\"https:\\\/\\\/priory.com.br\\\/drlucas\\\/#website\",\"url\":\"https:\\\/\\\/priory.com.br\\\/drlucas\\\/\",\"name\":\"Dr Lucas Favero\",\"description\":\"Est\u00e9tica Facial\",\"potentialAction\":[{\"@type\":\"SearchAction\",\"target\":{\"@type\":\"EntryPoint\",\"urlTemplate\":\"https:\\\/\\\/priory.com.br\\\/drlucas\\\/?s={search_term_string}\"},\"query-input\":{\"@type\":\"PropertyValueSpecification\",\"valueRequired\":true,\"valueName\":\"search_term_string\"}}],\"inLanguage\":\"pt-BR\"}]}<\/script>\n<!-- \/ Yoast SEO plugin. -->","yoast_head_json":{"title":"PREENCHIMENTO LABIOMENTONIANO - Dr Lucas Favero","robots":{"index":"index","follow":"follow","max-snippet":"max-snippet:-1","max-image-preview":"max-image-preview:large","max-video-preview":"max-video-preview:-1"},"canonical":"http:\/\/priory.com.br\/drlucas\/preenchimento-labiomentoniano-marionete\/","og_locale":"pt_BR","og_type":"article","og_title":"PREENCHIMENTO LABIOMENTONIANO - Dr Lucas Favero","og_description":"PREENCHIMENTO LABIOMENTONIANO (LINHAS DE MARIONETE) O que \u00e9? O preenchimento marionete, com \u00e1cido hialur\u00f4nico, tem por objetivo suavizar a pele de forma natural, preenchendo as linhas de express\u00e3o e mantendo a pele hidratada, firme e revitalizada. Esse procedimento \u00e9 indicado para as rugas que se estendem do canto da boca at\u00e9 o queixo. Vale ressaltar [&hellip;]","og_url":"http:\/\/priory.com.br\/drlucas\/preenchimento-labiomentoniano-marionete\/","og_site_name":"Dr Lucas Favero","article_modified_time":"2021-06-16T20:14:06+00:00","twitter_card":"summary_large_image","twitter_misc":{"Est. tempo de leitura":"1 minuto"},"schema":{"@context":"https:\/\/schema.org","@graph":[{"@type":"WebPage","@id":"http:\/\/priory.com.br\/drlucas\/preenchimento-labiomentoniano-marionete\/","url":"http:\/\/priory.com.br\/drlucas\/preenchimento-labiomentoniano-marionete\/","name":"PREENCHIMENTO LABIOMENTONIANO - Dr Lucas Favero","isPartOf":{"@id":"https:\/\/priory.com.br\/drlucas\/#website"},"datePublished":"2021-05-12T14:37:35+00:00","dateModified":"2021-06-16T20:14:06+00:00","breadcrumb":{"@id":"http:\/\/priory.com.br\/drlucas\/preenchimento-labiomentoniano-marionete\/#breadcrumb"},"inLanguage":"pt-BR","potentialAction":[{"@type":"ReadAction","target":["http:\/\/priory.com.br\/drlucas\/preenchimento-labiomentoniano-marionete\/"]}]},{"@type":"BreadcrumbList","@id":"http:\/\/priory.com.br\/drlucas\/preenchimento-labiomentoniano-marionete\/#breadcrumb","itemListElement":[{"@type":"ListItem","position":1,"name":"In\u00edcio","item":"https:\/\/priory.com.br\/drlucas\/"},{"@type":"ListItem","position":2,"name":"PREENCHIMENTO LABIOMENTONIANO"}]},{"@type":"WebSite","@id":"https:\/\/priory.com.br\/drlucas\/#website","url":"https:\/\/priory.com.br\/drlucas\/","name":"Dr Lucas Favero","description":"Est\u00e9tica Facial","potentialAction":[{"@type":"SearchAction","target":{"@type":"EntryPoint","urlTemplate":"https:\/\/priory.com.br\/drlucas\/?s={search_term_string}"},"query-input":{"@type":"PropertyValueSpecification","valueRequired":true,"valueName":"search_term_string"}}],"inLanguage":"pt-BR"}]}},"_links":{"self":[{"href":"http:\/\/priory.com.br\/drlucas\/wp-json\/wp\/v2\/pages\/740","targetHints":{"allow":["GET"]}}],"collection":[{"href":"http:\/\/priory.com.br\/drlucas\/wp-json\/wp\/v2\/pages"}],"about":[{"href":"http:\/\/priory.com.br\/drlucas\/wp-json\/wp\/v2\/types\/page"}],"author":[{"embeddable":true,"href":"http:\/\/priory.com.br\/drlucas\/wp-json\/wp\/v2\/users\/1"}],"replies":[{"embeddable":true,"href":"http:\/\/priory.com.br\/drlucas\/wp-json\/wp\/v2\/comments?post=740"}],"version-history":[{"count":8,"href":"http:\/\/priory.com.br\/drlucas\/wp-json\/wp\/v2\/pages\/740\/revisions"}],"predecessor-version":[{"id":1045,"href":"http:\/\/priory.com.br\/drlucas\/wp-json\/wp\/v2\/pages\/740\/revisions\/1045"}],"wp:attachment":[{"href":"http:\/\/priory.com.br\/drlucas\/wp-json\/wp\/v2\/media?parent=740"}],"curies":[{"name":"wp","href":"https:\/\/api.w.org\/{rel}","templated":true}]}}