{"id":747,"date":"2021-05-12T14:40:47","date_gmt":"2021-05-12T14:40:47","guid":{"rendered":"http:\/\/priory.com.br\/drlucas\/?page_id=747"},"modified":"2021-06-16T20:14:09","modified_gmt":"2021-06-16T20:14:09","slug":"preenchimento-mandibular","status":"publish","type":"page","link":"http:\/\/priory.com.br\/drlucas\/preenchimento-mandibular\/","title":{"rendered":"PREENCHIMENTO  MANDIBULAR"},"content":{"rendered":"\t\t<div data-elementor-type=\"wp-page\" data-elementor-id=\"747\" class=\"elementor elementor-747\" data-elementor-post-type=\"page\">\n\t\t\t\t\t\t<section class=\"elementor-section elementor-top-section elementor-element elementor-element-0607005 elementor-section-full_width elementor-section-height-default elementor-section-height-default\" data-id=\"0607005\" data-element_type=\"section\" data-e-type=\"section\" data-settings=\"{&quot;background_background&quot;:&quot;classic&quot;}\">\n\t\t\t\t\t\t<div class=\"elementor-container elementor-column-gap-default\">\n\t\t\t\t\t<div class=\"elementor-column elementor-col-50 elementor-top-column elementor-element elementor-element-a365cb1\" data-id=\"a365cb1\" data-element_type=\"column\" data-e-type=\"column\">\n\t\t\t<div class=\"elementor-widget-wrap elementor-element-populated\">\n\t\t\t\t\t\t<div class=\"elementor-element elementor-element-89cfa78 elementor-widget elementor-widget-heading\" data-id=\"89cfa78\" data-element_type=\"widget\" data-e-type=\"widget\" data-widget_type=\"heading.default\">\n\t\t\t\t<div class=\"elementor-widget-container\">\n\t\t\t\t\t<h4 class=\"elementor-heading-title elementor-size-default\">PREENCHIMENTO \nMANDIBULAR<\/h4>\t\t\t\t<\/div>\n\t\t\t\t<\/div>\n\t\t\t\t\t<\/div>\n\t\t<\/div>\n\t\t\t\t<div class=\"elementor-column elementor-col-50 elementor-top-column elementor-element elementor-element-589de1a\" data-id=\"589de1a\" data-element_type=\"column\" data-e-type=\"column\" data-settings=\"{&quot;background_background&quot;:&quot;classic&quot;}\">\n\t\t\t<div class=\"elementor-widget-wrap elementor-element-populated\">\n\t\t\t\t\t\t<div class=\"elementor-element elementor-element-40392b4 elementor-widget elementor-widget-spacer\" data-id=\"40392b4\" data-element_type=\"widget\" data-e-type=\"widget\" data-widget_type=\"spacer.default\">\n\t\t\t\t<div class=\"elementor-widget-container\">\n\t\t\t\t\t\t\t<div class=\"elementor-spacer\">\n\t\t\t<div class=\"elementor-spacer-inner\"><\/div>\n\t\t<\/div>\n\t\t\t\t\t\t<\/div>\n\t\t\t\t<\/div>\n\t\t\t\t\t<\/div>\n\t\t<\/div>\n\t\t\t\t\t<\/div>\n\t\t<\/section>\n\t\t\t\t<section class=\"elementor-section elementor-top-section elementor-element elementor-element-73d64d6 elementor-section-boxed elementor-section-height-default elementor-section-height-default\" data-id=\"73d64d6\" data-element_type=\"section\" data-e-type=\"section\">\n\t\t\t\t\t\t<div class=\"elementor-container elementor-column-gap-default\">\n\t\t\t\t\t<div class=\"elementor-column elementor-col-100 elementor-top-column elementor-element elementor-element-45f6855\" data-id=\"45f6855\" data-element_type=\"column\" data-e-type=\"column\">\n\t\t\t<div class=\"elementor-widget-wrap elementor-element-populated\">\n\t\t\t\t\t\t<div class=\"elementor-element elementor-element-26e905f elementor-widget elementor-widget-heading\" data-id=\"26e905f\" data-element_type=\"widget\" data-e-type=\"widget\" data-widget_type=\"heading.default\">\n\t\t\t\t<div class=\"elementor-widget-container\">\n\t\t\t\t\t<h2 class=\"elementor-heading-title elementor-size-default\">O que \u00e9?<\/h2>\t\t\t\t<\/div>\n\t\t\t\t<\/div>\n\t\t\t\t<div class=\"elementor-element elementor-element-9d9cb15 elementor-widget-divider--view-line elementor-widget elementor-widget-divider\" data-id=\"9d9cb15\" data-element_type=\"widget\" data-e-type=\"widget\" data-widget_type=\"divider.default\">\n\t\t\t\t<div class=\"elementor-widget-container\">\n\t\t\t\t\t\t\t<div class=\"elementor-divider\">\n\t\t\t<span class=\"elementor-divider-separator\">\n\t\t\t\t\t\t<\/span>\n\t\t<\/div>\n\t\t\t\t\t\t<\/div>\n\t\t\t\t<\/div>\n\t\t\t\t<div class=\"elementor-element elementor-element-cf7860b elementor-widget elementor-widget-text-editor\" data-id=\"cf7860b\" data-element_type=\"widget\" data-e-type=\"widget\" data-widget_type=\"text-editor.default\">\n\t\t\t\t<div class=\"elementor-widget-container\">\n\t\t\t\t\t\t\t\t\t<p>\u00c9 uma t\u00e9cnica de preenchimento que possibilita uma melhor defini\u00e7\u00e3o de contorno no rosto. As subst\u00e2ncias que podem ser utilizadas para esse tratamento s\u00e3o o \u00e1cido hialur\u00f4nico e os bioestimuladores de col\u00e1geno (Radiesse).<\/p>\t\t\t\t\t\t\t\t<\/div>\n\t\t\t\t<\/div>\n\t\t\t\t<div class=\"elementor-element elementor-element-f21e4cc elementor-widget elementor-widget-heading\" data-id=\"f21e4cc\" data-element_type=\"widget\" data-e-type=\"widget\" data-widget_type=\"heading.default\">\n\t\t\t\t<div class=\"elementor-widget-container\">\n\t\t\t\t\t<h2 class=\"elementor-heading-title elementor-size-default\">Como \u00e9 feito?<\/h2>\t\t\t\t<\/div>\n\t\t\t\t<\/div>\n\t\t\t\t<div class=\"elementor-element elementor-element-c635e32 elementor-widget-divider--view-line elementor-widget elementor-widget-divider\" data-id=\"c635e32\" data-element_type=\"widget\" data-e-type=\"widget\" data-widget_type=\"divider.default\">\n\t\t\t\t<div class=\"elementor-widget-container\">\n\t\t\t\t\t\t\t<div class=\"elementor-divider\">\n\t\t\t<span class=\"elementor-divider-separator\">\n\t\t\t\t\t\t<\/span>\n\t\t<\/div>\n\t\t\t\t\t\t<\/div>\n\t\t\t\t<\/div>\n\t\t\t\t<div class=\"elementor-element elementor-element-7fa2b7d elementor-widget elementor-widget-text-editor\" data-id=\"7fa2b7d\" data-element_type=\"widget\" data-e-type=\"widget\" data-widget_type=\"text-editor.default\">\n\t\t\t\t<div class=\"elementor-widget-container\">\n\t\t\t\t\t\t\t\t\t<p>A partir de uma an\u00e1lise do perfil do paciente, o preenchimento \u00e9 feito com aplica\u00e7\u00f5es em \u00e1reas espec\u00edficas da regi\u00e3o mandibular, definindo, assim, o local tratado.<\/p><p>O processo \u00e9 realizado levando em conta as necessidades e os desejos do paciente, prezando pelo resultado natural e pela harmoniza\u00e7\u00e3o do rosto como um todo.<\/p>\t\t\t\t\t\t\t\t<\/div>\n\t\t\t\t<\/div>\n\t\t\t\t<div class=\"elementor-element elementor-element-22d854e elementor-widget elementor-widget-heading\" data-id=\"22d854e\" data-element_type=\"widget\" data-e-type=\"widget\" data-widget_type=\"heading.default\">\n\t\t\t\t<div class=\"elementor-widget-container\">\n\t\t\t\t\t<h2 class=\"elementor-heading-title elementor-size-default\">Para quem \u00e9 indicado?<\/h2>\t\t\t\t<\/div>\n\t\t\t\t<\/div>\n\t\t\t\t<div class=\"elementor-element elementor-element-8f4240b elementor-widget-divider--view-line elementor-widget elementor-widget-divider\" data-id=\"8f4240b\" data-element_type=\"widget\" data-e-type=\"widget\" data-widget_type=\"divider.default\">\n\t\t\t\t<div class=\"elementor-widget-container\">\n\t\t\t\t\t\t\t<div class=\"elementor-divider\">\n\t\t\t<span class=\"elementor-divider-separator\">\n\t\t\t\t\t\t<\/span>\n\t\t<\/div>\n\t\t\t\t\t\t<\/div>\n\t\t\t\t<\/div>\n\t\t\t\t<div class=\"elementor-element elementor-element-a2067de elementor-widget elementor-widget-text-editor\" data-id=\"a2067de\" data-element_type=\"widget\" data-e-type=\"widget\" data-widget_type=\"text-editor.default\">\n\t\t\t\t<div class=\"elementor-widget-container\">\n\t\t\t\t\t\t\t\t\t<p>O preenchimento mandibular \u00e9 indicado para homens e mulheres que desejam definir a regi\u00e3o da mand\u00edbula, levando em considera\u00e7\u00e3o as particularidades de cada p\u00fablico.<\/p>\t\t\t\t\t\t\t\t<\/div>\n\t\t\t\t<\/div>\n\t\t\t\t\t<\/div>\n\t\t<\/div>\n\t\t\t\t\t<\/div>\n\t\t<\/section>\n\t\t\t\t<section class=\"elementor-section elementor-top-section elementor-element elementor-element-a131f52 elementor-section-boxed elementor-section-height-default elementor-section-height-default\" data-id=\"a131f52\" data-element_type=\"section\" data-e-type=\"section\" data-settings=\"{&quot;background_background&quot;:&quot;classic&quot;}\">\n\t\t\t\t\t\t<div class=\"elementor-container elementor-column-gap-default\">\n\t\t\t\t\t<div class=\"elementor-column elementor-col-100 elementor-top-column elementor-element elementor-element-f136b69\" data-id=\"f136b69\" data-element_type=\"column\" data-e-type=\"column\">\n\t\t\t<div class=\"elementor-widget-wrap elementor-element-populated\">\n\t\t\t\t\t\t<div class=\"elementor-element elementor-element-d33c611 elementor-widget elementor-widget-heading\" data-id=\"d33c611\" data-element_type=\"widget\" data-e-type=\"widget\" data-widget_type=\"heading.default\">\n\t\t\t\t<div class=\"elementor-widget-container\">\n\t\t\t\t\t<h2 class=\"elementor-heading-title elementor-size-default\">Benef\u00edcios<\/h2>\t\t\t\t<\/div>\n\t\t\t\t<\/div>\n\t\t\t\t<div class=\"elementor-element elementor-element-bd96345 elementor-widget-divider--view-line elementor-widget elementor-widget-divider\" data-id=\"bd96345\" data-element_type=\"widget\" data-e-type=\"widget\" data-widget_type=\"divider.default\">\n\t\t\t\t<div class=\"elementor-widget-container\">\n\t\t\t\t\t\t\t<div class=\"elementor-divider\">\n\t\t\t<span class=\"elementor-divider-separator\">\n\t\t\t\t\t\t<\/span>\n\t\t<\/div>\n\t\t\t\t\t\t<\/div>\n\t\t\t\t<\/div>\n\t\t\t\t<div class=\"elementor-element elementor-element-91875f0 elementor-widget elementor-widget-text-editor\" data-id=\"91875f0\" data-element_type=\"widget\" data-e-type=\"widget\" data-widget_type=\"text-editor.default\">\n\t\t\t\t<div class=\"elementor-widget-container\">\n\t\t\t\t\t\t\t\t\t<p>\u2022 Eleva\u00e7\u00e3o e defini\u00e7\u00e3o do \u00e2ngulo da mand\u00edbula;<\/p><p>\u2022 Alargamento da face;<\/p><p>\u2022 Eleva\u00e7\u00e3o da pele e redu\u00e7\u00e3o da flacidez na regi\u00e3o.<\/p><p>\u2022 Redu\u00e7\u00e3o da proemin\u00eancia do sulco pre-jowl.<\/p>\t\t\t\t\t\t\t\t<\/div>\n\t\t\t\t<\/div>\n\t\t\t\t\t<\/div>\n\t\t<\/div>\n\t\t\t\t\t<\/div>\n\t\t<\/section>\n\t\t\t\t<section class=\"elementor-section elementor-top-section elementor-element elementor-element-00f9b3e elementor-section-boxed elementor-section-height-default elementor-section-height-default\" data-id=\"00f9b3e\" data-element_type=\"section\" data-e-type=\"section\">\n\t\t\t\t\t\t<div class=\"elementor-container elementor-column-gap-default\">\n\t\t\t\t\t<div class=\"elementor-column elementor-col-100 elementor-top-column elementor-element elementor-element-15468f0\" data-id=\"15468f0\" data-element_type=\"column\" data-e-type=\"column\">\n\t\t\t<div class=\"elementor-widget-wrap elementor-element-populated\">\n\t\t\t\t\t\t<div class=\"elementor-element elementor-element-6134aae elementor-widget elementor-widget-heading\" data-id=\"6134aae\" data-element_type=\"widget\" data-e-type=\"widget\" data-widget_type=\"heading.default\">\n\t\t\t\t<div class=\"elementor-widget-container\">\n\t\t\t\t\t<h2 class=\"elementor-heading-title elementor-size-default\">Quanto tempo dura?<\/h2>\t\t\t\t<\/div>\n\t\t\t\t<\/div>\n\t\t\t\t<div class=\"elementor-element elementor-element-b6b3198 elementor-widget-divider--view-line elementor-widget elementor-widget-divider\" data-id=\"b6b3198\" data-element_type=\"widget\" data-e-type=\"widget\" data-widget_type=\"divider.default\">\n\t\t\t\t<div class=\"elementor-widget-container\">\n\t\t\t\t\t\t\t<div class=\"elementor-divider\">\n\t\t\t<span class=\"elementor-divider-separator\">\n\t\t\t\t\t\t<\/span>\n\t\t<\/div>\n\t\t\t\t\t\t<\/div>\n\t\t\t\t<\/div>\n\t\t\t\t<div class=\"elementor-element elementor-element-1e44c19 elementor-widget elementor-widget-text-editor\" data-id=\"1e44c19\" data-element_type=\"widget\" data-e-type=\"widget\" data-widget_type=\"text-editor.default\">\n\t\t\t\t<div class=\"elementor-widget-container\">\n\t\t\t\t\t\t\t\t\t<p>A durabilidade do procedimento pode variar entre 8 meses a 2 anos, dependendo do tipo de produto utilizado, da quantidade aplicada e da resposta individual de cada paciente.<\/p>\t\t\t\t\t\t\t\t<\/div>\n\t\t\t\t<\/div>\n\t\t\t\t\t<\/div>\n\t\t<\/div>\n\t\t\t\t\t<\/div>\n\t\t<\/section>\n\t\t\t\t<\/div>\n\t\t","protected":false},"excerpt":{"rendered":"<p>PREENCHIMENTO MANDIBULAR O que \u00e9? \u00c9 uma t\u00e9cnica de preenchimento que possibilita uma melhor defini\u00e7\u00e3o de contorno no rosto. As subst\u00e2ncias que podem ser utilizadas para esse tratamento s\u00e3o o \u00e1cido hialur\u00f4nico e os bioestimuladores de col\u00e1geno (Radiesse). Como \u00e9 feito? A partir de uma an\u00e1lise do perfil do paciente, o preenchimento \u00e9 feito com [&hellip;]<\/p>\n","protected":false},"author":1,"featured_media":0,"parent":0,"menu_order":0,"comment_status":"closed","ping_status":"closed","template":"elementor_header_footer","meta":{"footnotes":""},"class_list":["post-747","page","type-page","status-publish","hentry"],"yoast_head":"<!-- This site is optimized with the Yoast SEO plugin v27.3 - https:\/\/yoast.com\/product\/yoast-seo-wordpress\/ -->\n<title>PREENCHIMENTO MANDIBULAR - Dr Lucas Favero<\/title>\n<meta name=\"robots\" content=\"index, follow, max-snippet:-1, max-image-preview:large, max-video-preview:-1\" \/>\n<link rel=\"canonical\" href=\"http:\/\/priory.com.br\/drlucas\/preenchimento-mandibular\/\" \/>\n<meta property=\"og:locale\" content=\"pt_BR\" \/>\n<meta property=\"og:type\" content=\"article\" \/>\n<meta property=\"og:title\" content=\"PREENCHIMENTO MANDIBULAR - Dr Lucas Favero\" \/>\n<meta property=\"og:description\" content=\"PREENCHIMENTO MANDIBULAR O que \u00e9? \u00c9 uma t\u00e9cnica de preenchimento que possibilita uma melhor defini\u00e7\u00e3o de contorno no rosto. As subst\u00e2ncias que podem ser utilizadas para esse tratamento s\u00e3o o \u00e1cido hialur\u00f4nico e os bioestimuladores de col\u00e1geno (Radiesse). Como \u00e9 feito? A partir de uma an\u00e1lise do perfil do paciente, o preenchimento \u00e9 feito com [&hellip;]\" \/>\n<meta property=\"og:url\" content=\"http:\/\/priory.com.br\/drlucas\/preenchimento-mandibular\/\" \/>\n<meta property=\"og:site_name\" content=\"Dr Lucas Favero\" \/>\n<meta property=\"article:modified_time\" content=\"2021-06-16T20:14:09+00:00\" \/>\n<meta name=\"twitter:card\" content=\"summary_large_image\" \/>\n<meta name=\"twitter:label1\" content=\"Est. tempo de leitura\" \/>\n\t<meta name=\"twitter:data1\" content=\"1 minuto\" \/>\n<script type=\"application\/ld+json\" class=\"yoast-schema-graph\">{\"@context\":\"https:\\\/\\\/schema.org\",\"@graph\":[{\"@type\":\"WebPage\",\"@id\":\"http:\\\/\\\/priory.com.br\\\/drlucas\\\/preenchimento-mandibular\\\/\",\"url\":\"http:\\\/\\\/priory.com.br\\\/drlucas\\\/preenchimento-mandibular\\\/\",\"name\":\"PREENCHIMENTO MANDIBULAR - Dr Lucas Favero\",\"isPartOf\":{\"@id\":\"https:\\\/\\\/priory.com.br\\\/drlucas\\\/#website\"},\"datePublished\":\"2021-05-12T14:40:47+00:00\",\"dateModified\":\"2021-06-16T20:14:09+00:00\",\"breadcrumb\":{\"@id\":\"http:\\\/\\\/priory.com.br\\\/drlucas\\\/preenchimento-mandibular\\\/#breadcrumb\"},\"inLanguage\":\"pt-BR\",\"potentialAction\":[{\"@type\":\"ReadAction\",\"target\":[\"http:\\\/\\\/priory.com.br\\\/drlucas\\\/preenchimento-mandibular\\\/\"]}]},{\"@type\":\"BreadcrumbList\",\"@id\":\"http:\\\/\\\/priory.com.br\\\/drlucas\\\/preenchimento-mandibular\\\/#breadcrumb\",\"itemListElement\":[{\"@type\":\"ListItem\",\"position\":1,\"name\":\"In\u00edcio\",\"item\":\"https:\\\/\\\/priory.com.br\\\/drlucas\\\/\"},{\"@type\":\"ListItem\",\"position\":2,\"name\":\"PREENCHIMENTO MANDIBULAR\"}]},{\"@type\":\"WebSite\",\"@id\":\"https:\\\/\\\/priory.com.br\\\/drlucas\\\/#website\",\"url\":\"https:\\\/\\\/priory.com.br\\\/drlucas\\\/\",\"name\":\"Dr Lucas Favero\",\"description\":\"Est\u00e9tica Facial\",\"potentialAction\":[{\"@type\":\"SearchAction\",\"target\":{\"@type\":\"EntryPoint\",\"urlTemplate\":\"https:\\\/\\\/priory.com.br\\\/drlucas\\\/?s={search_term_string}\"},\"query-input\":{\"@type\":\"PropertyValueSpecification\",\"valueRequired\":true,\"valueName\":\"search_term_string\"}}],\"inLanguage\":\"pt-BR\"}]}<\/script>\n<!-- \/ Yoast SEO plugin. -->","yoast_head_json":{"title":"PREENCHIMENTO MANDIBULAR - Dr Lucas Favero","robots":{"index":"index","follow":"follow","max-snippet":"max-snippet:-1","max-image-preview":"max-image-preview:large","max-video-preview":"max-video-preview:-1"},"canonical":"http:\/\/priory.com.br\/drlucas\/preenchimento-mandibular\/","og_locale":"pt_BR","og_type":"article","og_title":"PREENCHIMENTO MANDIBULAR - Dr Lucas Favero","og_description":"PREENCHIMENTO MANDIBULAR O que \u00e9? \u00c9 uma t\u00e9cnica de preenchimento que possibilita uma melhor defini\u00e7\u00e3o de contorno no rosto. As subst\u00e2ncias que podem ser utilizadas para esse tratamento s\u00e3o o \u00e1cido hialur\u00f4nico e os bioestimuladores de col\u00e1geno (Radiesse). Como \u00e9 feito? A partir de uma an\u00e1lise do perfil do paciente, o preenchimento \u00e9 feito com [&hellip;]","og_url":"http:\/\/priory.com.br\/drlucas\/preenchimento-mandibular\/","og_site_name":"Dr Lucas Favero","article_modified_time":"2021-06-16T20:14:09+00:00","twitter_card":"summary_large_image","twitter_misc":{"Est. tempo de leitura":"1 minuto"},"schema":{"@context":"https:\/\/schema.org","@graph":[{"@type":"WebPage","@id":"http:\/\/priory.com.br\/drlucas\/preenchimento-mandibular\/","url":"http:\/\/priory.com.br\/drlucas\/preenchimento-mandibular\/","name":"PREENCHIMENTO MANDIBULAR - Dr Lucas Favero","isPartOf":{"@id":"https:\/\/priory.com.br\/drlucas\/#website"},"datePublished":"2021-05-12T14:40:47+00:00","dateModified":"2021-06-16T20:14:09+00:00","breadcrumb":{"@id":"http:\/\/priory.com.br\/drlucas\/preenchimento-mandibular\/#breadcrumb"},"inLanguage":"pt-BR","potentialAction":[{"@type":"ReadAction","target":["http:\/\/priory.com.br\/drlucas\/preenchimento-mandibular\/"]}]},{"@type":"BreadcrumbList","@id":"http:\/\/priory.com.br\/drlucas\/preenchimento-mandibular\/#breadcrumb","itemListElement":[{"@type":"ListItem","position":1,"name":"In\u00edcio","item":"https:\/\/priory.com.br\/drlucas\/"},{"@type":"ListItem","position":2,"name":"PREENCHIMENTO MANDIBULAR"}]},{"@type":"WebSite","@id":"https:\/\/priory.com.br\/drlucas\/#website","url":"https:\/\/priory.com.br\/drlucas\/","name":"Dr Lucas Favero","description":"Est\u00e9tica Facial","potentialAction":[{"@type":"SearchAction","target":{"@type":"EntryPoint","urlTemplate":"https:\/\/priory.com.br\/drlucas\/?s={search_term_string}"},"query-input":{"@type":"PropertyValueSpecification","valueRequired":true,"valueName":"search_term_string"}}],"inLanguage":"pt-BR"}]}},"_links":{"self":[{"href":"http:\/\/priory.com.br\/drlucas\/wp-json\/wp\/v2\/pages\/747","targetHints":{"allow":["GET"]}}],"collection":[{"href":"http:\/\/priory.com.br\/drlucas\/wp-json\/wp\/v2\/pages"}],"about":[{"href":"http:\/\/priory.com.br\/drlucas\/wp-json\/wp\/v2\/types\/page"}],"author":[{"embeddable":true,"href":"http:\/\/priory.com.br\/drlucas\/wp-json\/wp\/v2\/users\/1"}],"replies":[{"embeddable":true,"href":"http:\/\/priory.com.br\/drlucas\/wp-json\/wp\/v2\/comments?post=747"}],"version-history":[{"count":11,"href":"http:\/\/priory.com.br\/drlucas\/wp-json\/wp\/v2\/pages\/747\/revisions"}],"predecessor-version":[{"id":1048,"href":"http:\/\/priory.com.br\/drlucas\/wp-json\/wp\/v2\/pages\/747\/revisions\/1048"}],"wp:attachment":[{"href":"http:\/\/priory.com.br\/drlucas\/wp-json\/wp\/v2\/media?parent=747"}],"curies":[{"name":"wp","href":"https:\/\/api.w.org\/{rel}","templated":true}]}}