{"id":45,"date":"2021-10-11T19:33:41","date_gmt":"2021-10-11T19:33:41","guid":{"rendered":"http:\/\/priory.com.br\/vinc\/?page_id=45"},"modified":"2021-10-15T14:17:02","modified_gmt":"2021-10-15T14:17:02","slug":"home","status":"publish","type":"page","link":"http:\/\/priory.com.br\/vinc\/","title":{"rendered":"Home"},"content":{"rendered":"<p>Voc\u00ea no AZUL,  com mensalidades <\/br>que cabem no seu bolsoRenegocie d\u00edvidas com os melhores consultores do mercado<a href=\"#SERVICOS\">Conhecer planos <\/a>#Renegocia\u00e7\u00e3oDeD\u00edvidasVoc\u00ea pode reduzir at\u00e9 99% da sua d\u00edvida atual <a href=\"#COMOFUNCIONA\">Conhecer como funciona <\/a>N\u00famero de brasileiros endividados <\/BR>chega a 71,4%, o maior desde 2010Agende agora uma conversa com nossos consultores<a href=\"#CONTATO\">Quero entrar em contato<\/a><br \/>\n\t\t\t\t\t\t\t\t\t\t\t\t\t\tPrevious<br \/>\n\t\t\t\t\t\t\t\t\t\t\t\t\t\tNext<br \/>\n\t\t\t\t\t\t\t\t\t\t\t\t\t\t\t<img decoding=\"async\" width=\"580\" height=\"359\" data-src=\"http:\/\/priory.com.br\/vinc\/wp-content\/uploads\/2021\/10\/Captura-de-Tela-2021-10-15-a\u0300s-11.03.00.png\" alt=\"\" data-srcset=\"http:\/\/priory.com.br\/vinc\/wp-content\/uploads\/2021\/10\/Captura-de-Tela-2021-10-15-a\u0300s-11.03.00.png 913w, http:\/\/priory.com.br\/vinc\/wp-content\/uploads\/2021\/10\/Captura-de-Tela-2021-10-15-a\u0300s-11.03.00-300x186.png 300w, http:\/\/priory.com.br\/vinc\/wp-content\/uploads\/2021\/10\/Captura-de-Tela-2021-10-15-a\u0300s-11.03.00-768x475.png 768w\" data-sizes=\"auto, (max-width: 580px) 100vw, 580px\" src=\"data:image\/gif;base64,R0lGODlhAQABAAAAACH5BAEKAAEALAAAAAABAAEAAAICTAEAOw==\" class=\"lazyload\" style=\"--smush-placeholder-width: 580px; --smush-placeholder-aspect-ratio: 580\/359;\" \/>\t\t\t\t\t\t\t\t\t\t\t\t\t\t\t<\/p>\n<p><strong>Ol\u00e1, somos a VINC.&nbsp;<\/strong><\/p>\n<p><strong>Nossa miss\u00e3o \u00e9 ajudar voc\u00ea e a sua empresa a voltar para o azul!<\/strong><\/p>\n<\/p>\n<p>Depois de anos de experi\u00eancia atuando junto \u00e0s maiores institui\u00e7\u00f5es financeiras do Brasil na recupera\u00e7\u00e3o de cr\u00e9ditos, descobrimos a receita ideal para ganhar tempo, desconto e f\u00f4lego para liquidar os seus d\u00e9bitos.<\/p>\n<\/p>\n<p>As estrat\u00e9gias e orienta\u00e7\u00f5es jur\u00eddicas e financeiras das maiores empresas do Brasil agora est\u00e3o dispon\u00edveis para todos, de um jeito inovador e que cabe no seu bolso<\/p>\n<h4>COMO<br \/>\nFUNCIONA<\/h4>\n<p>Sabemos que o momento de crise n\u00e3o condiz com o pagamento de valores elevados para contar com ajuda, por isso, muitas pessoas deixam de contratar a assessoria que precisam por conta dos valores.<\/p>\n<p>\u00a0<\/p>\n<p><strong>A VINC veio acabar com isso, ao contratar os nossos planos dispon\u00edveis, voc\u00ea conta com a facilidade de uma mensalidade que cabe no seu bolso!<\/strong><\/p>\n<p>\u00a0<\/p>\n<p>Cuidamos de todas as quest\u00f5es para voc\u00ea, desde o in\u00edcio do inadimplemento, passando pelo processo judicial e a negocia\u00e7\u00e3o final para quitar a sua d\u00edvida. Defendemos os seus interesses e garantimos os seus direitos como empresa ou pessoa f\u00edsica.<\/p>\n<h3>\n\t\t\t\t\tRENEGOCIAR<br \/>\n\t\t\t\t<\/h3>\n<p>as suas d\u00edvidas pode ser muito mais f\u00e1cil e barato do que voc\u00ea imagina.<br \/>Com a assessoria certa <strong>voc\u00ea reduz at\u00e9 99% do seu d\u00e9bito<\/strong>!<\/p>\n<p>\t\t\t<a href=\"#SIMULE\" role=\"button\"><br \/>\n\t\t\t\t\t\tSIMULAR DESCONTO<br \/>\n\t\t\t\t\t<\/a><\/p>\n<h4>SOLU\u00c7\u00d5ES<\/h4>\n<p>\t\t\t\t\t\t\t\t\t\t\t\t\t\t\t<img decoding=\"async\" width=\"500\" height=\"550\" data-src=\"http:\/\/priory.com.br\/vinc\/wp-content\/uploads\/2021\/10\/1.jpg\" alt=\"\" data-srcset=\"http:\/\/priory.com.br\/vinc\/wp-content\/uploads\/2021\/10\/1.jpg 500w, http:\/\/priory.com.br\/vinc\/wp-content\/uploads\/2021\/10\/1-273x300.jpg 273w\" data-sizes=\"auto, (max-width: 500px) 100vw, 500px\" src=\"data:image\/gif;base64,R0lGODlhAQABAAAAACH5BAEKAAEALAAAAAABAAEAAAICTAEAOw==\" class=\"lazyload\" style=\"--smush-placeholder-width: 500px; --smush-placeholder-aspect-ratio: 500\/550;\" \/>\t\t\t\t\t\t\t\t\t\t\t\t\t\t\t<\/p>\n<h4>Assessoria Completa<\/h4>\n<p>Ficou inadimplente recentemente e est\u00e1 em um processo judicial de cobran\u00e7a?<\/p>\n<p>Com a nossa Assessoria Completa fornecemos a defesa total dos seus interesses acompanhando todas cobran\u00e7as extra ou judiciais, sempre visando ganhar tempo, folego e desconto para garantir a melhor condi\u00e7\u00e3o para liquidar o seu d\u00e9bito.<\/p>\n<p>\t\t\t<a href=\"#CONTATO\" role=\"button\"><br \/>\n\t\t\t\t\t\tENTRAR EM CONTATO<br \/>\n\t\t\t\t\t<\/a><br \/>\n\t\t\t\t\t\t\t\t\t\t\t\t\t\t\t<img decoding=\"async\" width=\"500\" height=\"550\" data-src=\"http:\/\/priory.com.br\/vinc\/wp-content\/uploads\/2021\/10\/2.jpg\" alt=\"\" data-srcset=\"http:\/\/priory.com.br\/vinc\/wp-content\/uploads\/2021\/10\/2.jpg 500w, http:\/\/priory.com.br\/vinc\/wp-content\/uploads\/2021\/10\/2-273x300.jpg 273w\" data-sizes=\"auto, (max-width: 500px) 100vw, 500px\" src=\"data:image\/gif;base64,R0lGODlhAQABAAAAACH5BAEKAAEALAAAAAABAAEAAAICTAEAOw==\" class=\"lazyload\" style=\"--smush-placeholder-width: 500px; --smush-placeholder-aspect-ratio: 500\/550;\" \/>\t\t\t\t\t\t\t\t\t\t\t\t\t\t\t<\/p>\n<h4>Assessoria NEGOCIAL<\/h4>\n<p>J\u00e1 possui uma assessoria jur\u00eddica ou uma d\u00edvida em aberto h\u00e1 algum tempo?<\/p>\n<p>Quer ter a ajuda de uma equipe especializada para negociar e conseguir o melhor neg\u00f3cio para liquidar d\u00edvida? Com a Assessoria Negocial da VINC, cuidamos de toda a negocia\u00e7\u00e3o da sua d\u00edvida. E o melhor, voc\u00ea s\u00f3 paga o servi\u00e7o em caso de \u00eaxito!<\/p>\n<p>\t\t\t<a href=\"#CONTATO\" role=\"button\"><br \/>\n\t\t\t\t\t\tENTRAR EM CONTATO<br \/>\n\t\t\t\t\t<\/a><\/p>\n<h4>SIMULE<\/h4>\n<p>Gostaria de saber quanto de desconto voc\u00ea pode obter na sua d\u00edvida? <strong>Fa\u00e7a uma simula\u00e7\u00e3o abaixo: <\/strong><\/p>\n<p>\t\t\t\t\t\t\t\t\t\t\t\t\t\t\t<img decoding=\"async\" width=\"580\" height=\"384\" data-src=\"http:\/\/priory.com.br\/vinc\/wp-content\/uploads\/2021\/10\/Captura-de-Tela-2021-10-14-a\u0300s-17.37.37.png\" alt=\"\" data-srcset=\"http:\/\/priory.com.br\/vinc\/wp-content\/uploads\/2021\/10\/Captura-de-Tela-2021-10-14-a\u0300s-17.37.37.png 612w, http:\/\/priory.com.br\/vinc\/wp-content\/uploads\/2021\/10\/Captura-de-Tela-2021-10-14-a\u0300s-17.37.37-300x199.png 300w\" data-sizes=\"auto, (max-width: 580px) 100vw, 580px\" src=\"data:image\/gif;base64,R0lGODlhAQABAAAAACH5BAEKAAEALAAAAAABAAEAAAICTAEAOw==\" class=\"lazyload\" style=\"--smush-placeholder-width: 580px; --smush-placeholder-aspect-ratio: 580\/384;\" \/>\t\t\t\t\t\t\t\t\t\t\t\t\t\t\t<\/p>\n<h4>Entre em contato para uma consultoria sem compromisso<\/h4>\n<p>\t\t\t<a href=\"http:\/\/priory.com.br\/vinc\/blog\/\" role=\"button\"><br \/>\n\t\t\t\t\t\tENTRAR EM CONTATO COM CONSULTOR<br \/>\n\t\t\t\t\t<\/a><\/p>\n<h4>O QUE DIZEM NOSSOS CLIENTES?<\/h4>\n<p>\t\t\t\t\t\tLorem ipsum dolor sit amet, consectetur adipiscing elit. Etiam mi nisl, varius vel leo in, scelerisque sodales ex. Nunc rutrum velit lorem, id elementum justo venenatis in.<br \/>\n\t\t\t\t\t\t<img decoding=\"async\" data-src=\"http:\/\/priory.com.br\/vinc\/wp-content\/uploads\/2021\/10\/ava1.png\" alt=\"Maria Aparecida\" src=\"data:image\/gif;base64,R0lGODlhAQABAAAAACH5BAEKAAEALAAAAAABAAEAAAICTAEAOw==\" class=\"lazyload\" style=\"--smush-placeholder-width: 400px; --smush-placeholder-aspect-ratio: 400\/400;\"><br \/>\n\t\t\t\t\t\t\t\t<cite>Maria AparecidaLondrina\/PR<\/cite><br \/>\n\t\t\t\t\t\tLorem ipsum dolor sit amet, consectetur adipiscing elit. Etiam mi nisl, varius vel leo in, scelerisque sodales ex. Nunc rutrum velit lorem, id elementum justo venenatis in.<br \/>\n\t\t\t\t\t\t<img decoding=\"async\" data-src=\"http:\/\/priory.com.br\/vinc\/wp-content\/uploads\/2021\/10\/ava4.png\" alt=\"Jo\u00e3o da Silva\" src=\"data:image\/gif;base64,R0lGODlhAQABAAAAACH5BAEKAAEALAAAAAABAAEAAAICTAEAOw==\" class=\"lazyload\" style=\"--smush-placeholder-width: 400px; --smush-placeholder-aspect-ratio: 400\/400;\"><br \/>\n\t\t\t\t\t\t\t\t<cite>Jo\u00e3o da SilvaCuritiba\/PR<\/cite>\t\t\t<\/p>\n<h4>blog<\/h4>\n<p><strong>Conhe\u00e7a a VINC: sua parceira ideal para um nome limpo e vida financeira plena<\/strong><\/p>\n<p>\t\t\t<a href=\"http:\/\/priory.com.br\/vinc\/blog\/\" role=\"button\"><br \/>\n\t\t\t\t\t\tLEIA TODOS OS POSTS<br \/>\n\t\t\t\t\t<\/a><\/p>\n","protected":false},"excerpt":{"rendered":"<p>Voc\u00ea no AZUL, com mensalidades que cabem no seu bolsoRenegocie d\u00edvidas com os melhores consultores do mercadoConhecer planos #Renegocia\u00e7\u00e3oDeD\u00edvidasVoc\u00ea pode reduzir at\u00e9 99% da sua d\u00edvida atual Conhecer como funciona N\u00famero de brasileiros endividados chega a 71,4%, o maior desde 2010Agende agora uma conversa com nossos consultoresQuero entrar em contato Previous Next Ol\u00e1, somos a [&hellip;]<\/p>\n","protected":false},"author":1,"featured_media":0,"parent":0,"menu_order":0,"comment_status":"closed","ping_status":"closed","template":"elementor_header_footer","meta":{"footnotes":""},"class_list":["post-45","page","type-page","status-publish","hentry"],"yoast_head":"<!-- This site is optimized with the Yoast SEO plugin v27.6 - https:\/\/yoast.com\/product\/yoast-seo-wordpress\/ -->\n<title>Home - VINC - Solu\u00e7\u00f5es Financeiras<\/title>\n<meta name=\"robots\" content=\"index, follow, max-snippet:-1, max-image-preview:large, max-video-preview:-1\" \/>\n<link rel=\"canonical\" href=\"http:\/\/priory.com.br\/vinc\/\" \/>\n<meta property=\"og:locale\" content=\"pt_BR\" \/>\n<meta property=\"og:type\" content=\"article\" \/>\n<meta property=\"og:title\" content=\"Home - VINC - Solu\u00e7\u00f5es Financeiras\" \/>\n<meta property=\"og:description\" content=\"Voc\u00ea no AZUL, com mensalidades que cabem no seu bolsoRenegocie d\u00edvidas com os melhores consultores do mercadoConhecer planos #Renegocia\u00e7\u00e3oDeD\u00edvidasVoc\u00ea pode reduzir at\u00e9 99% da sua d\u00edvida atual Conhecer como funciona N\u00famero de brasileiros endividados chega a 71,4%, o maior desde 2010Agende agora uma conversa com nossos consultoresQuero entrar em contato Previous Next Ol\u00e1, somos a [&hellip;]\" \/>\n<meta property=\"og:url\" content=\"http:\/\/priory.com.br\/vinc\/\" \/>\n<meta property=\"og:site_name\" content=\"VINC - Solu\u00e7\u00f5es Financeiras\" \/>\n<meta property=\"article:modified_time\" content=\"2021-10-15T14:17:02+00:00\" \/>\n<meta property=\"og:image\" content=\"http:\/\/priory.com.br\/vinc\/wp-content\/uploads\/2021\/10\/Captura-de-Tela-2021-10-15-a\u0300s-11.03.00.png\" \/>\n<meta name=\"twitter:card\" content=\"summary_large_image\" \/>\n<meta name=\"twitter:label1\" content=\"Est. tempo de leitura\" \/>\n\t<meta name=\"twitter:data1\" content=\"5 minutos\" \/>\n<script type=\"application\/ld+json\" class=\"yoast-schema-graph\">{\"@context\":\"https:\\\/\\\/schema.org\",\"@graph\":[{\"@type\":\"WebPage\",\"@id\":\"http:\\\/\\\/priory.com.br\\\/vinc\\\/\",\"url\":\"http:\\\/\\\/priory.com.br\\\/vinc\\\/\",\"name\":\"Home - VINC - Solu\u00e7\u00f5es Financeiras\",\"isPartOf\":{\"@id\":\"http:\\\/\\\/priory.com.br\\\/vinc\\\/#website\"},\"primaryImageOfPage\":{\"@id\":\"http:\\\/\\\/priory.com.br\\\/vinc\\\/#primaryimage\"},\"image\":{\"@id\":\"http:\\\/\\\/priory.com.br\\\/vinc\\\/#primaryimage\"},\"thumbnailUrl\":\"http:\\\/\\\/priory.com.br\\\/vinc\\\/wp-content\\\/uploads\\\/2021\\\/10\\\/1.jpg\",\"datePublished\":\"2021-10-11T19:33:41+00:00\",\"dateModified\":\"2021-10-15T14:17:02+00:00\",\"breadcrumb\":{\"@id\":\"http:\\\/\\\/priory.com.br\\\/vinc\\\/#breadcrumb\"},\"inLanguage\":\"pt-BR\",\"potentialAction\":[{\"@type\":\"ReadAction\",\"target\":[\"http:\\\/\\\/priory.com.br\\\/vinc\\\/\"]}]},{\"@type\":\"ImageObject\",\"inLanguage\":\"pt-BR\",\"@id\":\"http:\\\/\\\/priory.com.br\\\/vinc\\\/#primaryimage\",\"url\":\"http:\\\/\\\/priory.com.br\\\/vinc\\\/wp-content\\\/uploads\\\/2021\\\/10\\\/1.jpg\",\"contentUrl\":\"http:\\\/\\\/priory.com.br\\\/vinc\\\/wp-content\\\/uploads\\\/2021\\\/10\\\/1.jpg\",\"width\":500,\"height\":550},{\"@type\":\"BreadcrumbList\",\"@id\":\"http:\\\/\\\/priory.com.br\\\/vinc\\\/#breadcrumb\",\"itemListElement\":[{\"@type\":\"ListItem\",\"position\":1,\"name\":\"In\u00edcio\",\"item\":\"http:\\\/\\\/priory.com.br\\\/vinc\\\/\"},{\"@type\":\"ListItem\",\"position\":2,\"name\":\"Home\"}]},{\"@type\":\"WebSite\",\"@id\":\"http:\\\/\\\/priory.com.br\\\/vinc\\\/#website\",\"url\":\"http:\\\/\\\/priory.com.br\\\/vinc\\\/\",\"name\":\"VINC - Solu\u00e7\u00f5es Financeiras\",\"description\":\"A melhor assessoria para negocia&ccedil;&atilde;o das suas d&iacute;vidas atrav&eacute;s de uma mensalidade fixa.\",\"publisher\":{\"@id\":\"http:\\\/\\\/priory.com.br\\\/vinc\\\/#organization\"},\"potentialAction\":[{\"@type\":\"SearchAction\",\"target\":{\"@type\":\"EntryPoint\",\"urlTemplate\":\"http:\\\/\\\/priory.com.br\\\/vinc\\\/?s={search_term_string}\"},\"query-input\":{\"@type\":\"PropertyValueSpecification\",\"valueRequired\":true,\"valueName\":\"search_term_string\"}}],\"inLanguage\":\"pt-BR\"},{\"@type\":\"Organization\",\"@id\":\"http:\\\/\\\/priory.com.br\\\/vinc\\\/#organization\",\"name\":\"VINC Solu\u00e7\u00f5es Financeiras\",\"url\":\"http:\\\/\\\/priory.com.br\\\/vinc\\\/\",\"logo\":{\"@type\":\"ImageObject\",\"inLanguage\":\"pt-BR\",\"@id\":\"http:\\\/\\\/priory.com.br\\\/vinc\\\/#\\\/schema\\\/logo\\\/image\\\/\",\"url\":\"http:\\\/\\\/priory.com.br\\\/vinc\\\/wp-content\\\/uploads\\\/2021\\\/10\\\/logoi.png\",\"contentUrl\":\"http:\\\/\\\/priory.com.br\\\/vinc\\\/wp-content\\\/uploads\\\/2021\\\/10\\\/logoi.png\",\"width\":200,\"height\":86,\"caption\":\"VINC Solu\u00e7\u00f5es Financeiras\"},\"image\":{\"@id\":\"http:\\\/\\\/priory.com.br\\\/vinc\\\/#\\\/schema\\\/logo\\\/image\\\/\"}}]}<\/script>\n<!-- \/ Yoast SEO plugin. -->","yoast_head_json":{"title":"Home - VINC - Solu\u00e7\u00f5es Financeiras","robots":{"index":"index","follow":"follow","max-snippet":"max-snippet:-1","max-image-preview":"max-image-preview:large","max-video-preview":"max-video-preview:-1"},"canonical":"http:\/\/priory.com.br\/vinc\/","og_locale":"pt_BR","og_type":"article","og_title":"Home - VINC - Solu\u00e7\u00f5es Financeiras","og_description":"Voc\u00ea no AZUL, com mensalidades que cabem no seu bolsoRenegocie d\u00edvidas com os melhores consultores do mercadoConhecer planos #Renegocia\u00e7\u00e3oDeD\u00edvidasVoc\u00ea pode reduzir at\u00e9 99% da sua d\u00edvida atual Conhecer como funciona N\u00famero de brasileiros endividados chega a 71,4%, o maior desde 2010Agende agora uma conversa com nossos consultoresQuero entrar em contato Previous Next Ol\u00e1, somos a [&hellip;]","og_url":"http:\/\/priory.com.br\/vinc\/","og_site_name":"VINC - Solu\u00e7\u00f5es Financeiras","article_modified_time":"2021-10-15T14:17:02+00:00","og_image":[{"url":"http:\/\/priory.com.br\/vinc\/wp-content\/uploads\/2021\/10\/Captura-de-Tela-2021-10-15-a\u0300s-11.03.00.png","type":"","width":"","height":""}],"twitter_card":"summary_large_image","twitter_misc":{"Est. tempo de leitura":"5 minutos"},"schema":{"@context":"https:\/\/schema.org","@graph":[{"@type":"WebPage","@id":"http:\/\/priory.com.br\/vinc\/","url":"http:\/\/priory.com.br\/vinc\/","name":"Home - VINC - Solu\u00e7\u00f5es Financeiras","isPartOf":{"@id":"http:\/\/priory.com.br\/vinc\/#website"},"primaryImageOfPage":{"@id":"http:\/\/priory.com.br\/vinc\/#primaryimage"},"image":{"@id":"http:\/\/priory.com.br\/vinc\/#primaryimage"},"thumbnailUrl":"http:\/\/priory.com.br\/vinc\/wp-content\/uploads\/2021\/10\/1.jpg","datePublished":"2021-10-11T19:33:41+00:00","dateModified":"2021-10-15T14:17:02+00:00","breadcrumb":{"@id":"http:\/\/priory.com.br\/vinc\/#breadcrumb"},"inLanguage":"pt-BR","potentialAction":[{"@type":"ReadAction","target":["http:\/\/priory.com.br\/vinc\/"]}]},{"@type":"ImageObject","inLanguage":"pt-BR","@id":"http:\/\/priory.com.br\/vinc\/#primaryimage","url":"http:\/\/priory.com.br\/vinc\/wp-content\/uploads\/2021\/10\/1.jpg","contentUrl":"http:\/\/priory.com.br\/vinc\/wp-content\/uploads\/2021\/10\/1.jpg","width":500,"height":550},{"@type":"BreadcrumbList","@id":"http:\/\/priory.com.br\/vinc\/#breadcrumb","itemListElement":[{"@type":"ListItem","position":1,"name":"In\u00edcio","item":"http:\/\/priory.com.br\/vinc\/"},{"@type":"ListItem","position":2,"name":"Home"}]},{"@type":"WebSite","@id":"http:\/\/priory.com.br\/vinc\/#website","url":"http:\/\/priory.com.br\/vinc\/","name":"VINC - Solu\u00e7\u00f5es Financeiras","description":"A melhor assessoria para negocia&ccedil;&atilde;o das suas d&iacute;vidas atrav&eacute;s de uma mensalidade fixa.","publisher":{"@id":"http:\/\/priory.com.br\/vinc\/#organization"},"potentialAction":[{"@type":"SearchAction","target":{"@type":"EntryPoint","urlTemplate":"http:\/\/priory.com.br\/vinc\/?s={search_term_string}"},"query-input":{"@type":"PropertyValueSpecification","valueRequired":true,"valueName":"search_term_string"}}],"inLanguage":"pt-BR"},{"@type":"Organization","@id":"http:\/\/priory.com.br\/vinc\/#organization","name":"VINC Solu\u00e7\u00f5es Financeiras","url":"http:\/\/priory.com.br\/vinc\/","logo":{"@type":"ImageObject","inLanguage":"pt-BR","@id":"http:\/\/priory.com.br\/vinc\/#\/schema\/logo\/image\/","url":"http:\/\/priory.com.br\/vinc\/wp-content\/uploads\/2021\/10\/logoi.png","contentUrl":"http:\/\/priory.com.br\/vinc\/wp-content\/uploads\/2021\/10\/logoi.png","width":200,"height":86,"caption":"VINC Solu\u00e7\u00f5es Financeiras"},"image":{"@id":"http:\/\/priory.com.br\/vinc\/#\/schema\/logo\/image\/"}}]}},"_links":{"self":[{"href":"http:\/\/priory.com.br\/vinc\/wp-json\/wp\/v2\/pages\/45","targetHints":{"allow":["GET"]}}],"collection":[{"href":"http:\/\/priory.com.br\/vinc\/wp-json\/wp\/v2\/pages"}],"about":[{"href":"http:\/\/priory.com.br\/vinc\/wp-json\/wp\/v2\/types\/page"}],"author":[{"embeddable":true,"href":"http:\/\/priory.com.br\/vinc\/wp-json\/wp\/v2\/users\/1"}],"replies":[{"embeddable":true,"href":"http:\/\/priory.com.br\/vinc\/wp-json\/wp\/v2\/comments?post=45"}],"version-history":[{"count":202,"href":"http:\/\/priory.com.br\/vinc\/wp-json\/wp\/v2\/pages\/45\/revisions"}],"predecessor-version":[{"id":410,"href":"http:\/\/priory.com.br\/vinc\/wp-json\/wp\/v2\/pages\/45\/revisions\/410"}],"wp:attachment":[{"href":"http:\/\/priory.com.br\/vinc\/wp-json\/wp\/v2\/media?parent=45"}],"curies":[{"name":"wp","href":"https:\/\/api.w.org\/{rel}","templated":true}]}}